{"id":3,"date":"2025-03-19T12:59:52","date_gmt":"2025-03-19T11:59:52","guid":{"rendered":"http:\/\/serwer2467814.home.pl\/autoinstalator\/wordpress23\/?page_id=3"},"modified":"2025-05-15T15:03:42","modified_gmt":"2025-05-15T13:03:42","slug":"polityka-prywatnosci","status":"publish","type":"page","link":"https:\/\/cudzoziemiecwfirmie.pl\/en\/polityka-prywatnosci\/","title":{"rendered":"Privacy Policy"},"content":{"rendered":"<div data-elementor-type=\"wp-page\" data-elementor-id=\"3\" class=\"elementor elementor-3\" data-elementor-post-type=\"page\">\n\t\t\t\t<div class=\"elementor-element elementor-element-a652c96 e-flex e-con-boxed e-con e-parent\" data-id=\"a652c96\" data-element_type=\"container\">\n\t\t\t\t\t<div class=\"e-con-inner\">\n\t\t\t\t<div class=\"elementor-element elementor-element-2707eee elementor-widget elementor-widget-text-editor\" data-id=\"2707eee\" data-element_type=\"widget\" data-widget_type=\"text-editor.default\">\n\t\t\t\t<div class=\"elementor-widget-container\">\n\t\t\t\t\t\t\t\t\t<p><strong>PRIVACY POLICY<\/strong><\/p><p><em>We respect your rights under data protection laws.<\/em><\/p><p><em>We strive to make exercising them as easy as possible.<\/em><\/p><p><em>The processing of personal data takes place each time based on the provisions set forth in this Privacy Policy.<\/em><\/p><p>\u00a0<\/p><p><strong>Data controllers<\/strong><\/p><ol><li class=\"translation-block\">The data controllers of your personal data are: Adam Jankowski, conducting business under the name Kancelaria Adwokacka Adam Jankowski, located at Aleje Marcinkowskiego 1\/6, 61-745 Pozna\u0144, VAT ID (NIP): 7822901862, REGON: 389854350, and Klaudia Kowalska, conducting business under the name Klaudia Kowalska Kancelaria Adwokacka, ul. Feliksa Nowowiejskiego 20 lok. 5 (p.6), 61\u2013732 Pozna\u0144, VAT ID (NIP): 9721322046, REGON: 520431097 (hereinafter jointly referred to as the Controllers), who jointly operate under the trade name *Cudzoziemiec w Firmie*.<\/li><li>The contact point for individuals whose personal data are processed by the Controllers is available at the email address: [sekretariat@cudzoziemiecwfirmie.pl](mailto:sekretariat@cudzoziemiecwfirmie.pl) or by phone at: +48 602 595 589.<\/li><li>The owners and moderators of the website [www.cudzoziemiecwfirmie.pl](http:\/\/www.cudzoziemiecwfirmie.pl) (hereinafter referred to as the Website) are the Controllers.<\/li><\/ol><p>\u00a0<\/p><p><strong>Processing of personal data<\/strong><\/p><ol><li>Personal data means information relating to an identified or identifiable natural person. Processing means any operation or set of operations performed on personal data or sets of personal data, whether or not by automated means, such as collection, recording, organization, structuring, storage, adaptation or alteration, retrieval, consultation, use, disclosure by transmission, dissemination or otherwise making available, alignment or combination, restriction, erasure, or destruction.<\/li><li>The Administrators process your personal data for the purposes of: (i) providing the services offered by the Administrators (Art. 6(1)(b) of Regulation (EU) 2016\/679 of the European Parliament and of the Council of 27 April 2016 on the protection of natural persons with regard to the processing of personal data and on the free movement of such data, and repealing Directive 95\/46\/EC, hereinafter: GDPR), (ii) fulfilling legal obligations incumbent on the Administrators (Art. 6(1)(c) GDPR), (iii) sending newsletters, notifications, and information (Art. 6(1)(f) GDPR), (iv) handling complaints, asserting and defending mutual claims (Art. 6(1)(f) GDPR),<\/li><li>Personal data may be transferred to entities providing services to the Administrators, including accounting, legal, and marketing services.<\/li><\/ol><p><strong>\u00a0<\/strong><\/p><p>\u00a0<\/p><p><strong>Use of the Website<\/strong><\/p><ol><li>Use of the Website is voluntary. The Website is intended for individuals with legal capacity.<\/li><li>During the loading of the Website, interruptions in access may occur, which the Administrators may not be able to control.<\/li><\/ol><p>\u00a0<\/p><p><strong>Cookies Policy<\/strong><\/p><ol><li>Due to the provision of the Website's content, cookies are used, i.e., information saved by servers on the user's end device. Information regarding cookies also applies to other similar technologies used within the Website. Cookies are computer data, especially text files, which are stored on the user's end device.<\/li><li>Cookies are used for the following purposes: (i) to customize the content of the Website according to the user\u2019s preferences and to optimize the use of the Website; these files allow the recognition of the user\u2019s device and the appropriate display of the website tailored to their individual needs, (ii) to create statistics that help understand how users interact with the Website, enabling improvements to its structure and content.<\/li><li>When processing personal data in connection with users\u2019 use of the Website, different legal bases for processing may apply depending on the category of personal data and the purpose of processing. The Administrators use users\u2019 IP addresses to diagnose server-related issues, analyze security breaches, and manage the Website. Additionally, the IP address is used to identify and collect demographic data from visitors (e.g., information about the region from which the connection was made).<\/li><li>The Administrators may use the following types of cookies on the Website:\n(i) essential cookies that enable the use of services available on the Website, e.g., authentication cookies used for services requiring user authentication within the site;\n(ii) security cookies, e.g., used to detect abuses related to authentication within the site;\n(iii) cookies that collect information about how users browse the Website;\n(iv) functional cookies that allow remembering user-selected settings and personalizing the user interface, such as the chosen language or region, font size, website appearance, etc.<\/li><li>In many cases, the software used to browse websites (web browser) allows cookies to be stored on the user\u2019s device by default. Users of the website can change their cookie settings at any time. These settings can be adjusted, in particular, to block the automatic handling of cookies in the browser settings or to notify the user each time a cookie is placed on their device. Detailed information about the possibility and methods of managing cookies is available in the software (web browser) settings. Failure to change cookie settings means that cookies will be stored on the user\u2019s device, and consequently, we will store information on the user\u2019s device and access that information.<\/li><li>The Administrators point out that disabling the use of cookies may cause difficulties in using certain services within our websites, especially those requiring login. However, disabling the option to accept cookies does not prevent the ability to read or view content published on the website, except for content that requires logging in for access.<\/li><li>Cookies may be placed on the end user\u2019s device of the website and subsequently used by multimedia application providers cooperating with the Administrators.<\/li><\/ol><p>\u00a0<\/p><p><strong>Right to withdraw consent<\/strong><\/p><ol><li>The Administrators inform that if the processing of personal data is based on consent, such consent may be withdrawn at any time.<\/li><li>If you would like to withdraw your consent to the processing of personal data, simply send an email directly to the Administrators at: [sekretariat@cudzoziemiecwfirmie.pl](mailto:sekretariat@cudzoziemiecwfirmie.pl)<\/li><li>If the processing of your personal data was based on consent, withdrawing it does not affect the lawfulness of the processing carried out prior to the withdrawal.<\/li><\/ol><p>\u00a0<\/p><p><strong>Providing Personal Data<\/strong><\/p><p>Providing any personal data is voluntary and depends on the user\u2019s decision. However, in some cases, providing certain personal data is necessary to meet your expectations regarding email contact with the Administrators.<\/p><p>\u00a0<\/p><p><strong>Automated decision-making and profiling<\/strong><\/p><p>The Administrators inform that they do not engage in automated decision-making, including profiling.<\/p><p>\u00a0<\/p><p><strong>Transfer of personal data to third countries<\/strong><\/p><p>The Administrators inform that personal data may be transferred to countries outside the European Economic Area; however, these countries meet the security requirements specified in the GDPR.<\/p><p><strong>\u00a0<\/strong><\/p><p><strong>Period of personal data processing\n=<\/strong><\/p><p>The Administrators inform that personal data are processed for the period necessary to achieve the specified purpose. After this period, the personal data will be irreversibly deleted or destroyed.<\/p><p>\u00a0<\/p><p><strong>Uprawnienia podmiot\u00f3w danych<\/strong><\/p><ol><li>Administratorzy informuj\u0105, \u017ce posiada Pani\/Pan prawo do: (i) dost\u0119pu do swoich danych osobowych; (ii) sprostowania danych osobowych; (iii) usuni\u0119cia danych osobowych; (iv) ograniczenia przetwarzania danych osobowych; (v) sprzeciwu wobec przetwarzania danych osobowych.<\/li><li>Wymienione w ust. 1 uprawnienia nie maj\u0105 charakteru absolutnego. W niekt\u00f3rych sytuacjach Administratorzy mog\u0105 zgodnie z prawem odm\u00f3wi\u0107 Pani\/Panu ich spe\u0142nienia. Powy\u017csze mo\u017ce nast\u0105pi\u0107 jedynie po wnikliwej analizie okoliczno\u015bci i jedynie w sytuacji, gdy odmowa uwzgl\u0119dnienia \u017c\u0105dania jest konieczna.<\/li><li>Administratorzy informuj\u0105, i\u017c w ka\u017cdej chwili przys\u0142uguje Pani\/Panu prawo do sprzeciwienia si\u0119 przetwarzaniu danych osobowych na podstawie prawnie uzasadnionego interesu Administrator\u00f3w. Administratorzy informuj\u0105, i\u017c zgodnie z przepisami mog\u0105 odm\u00f3wi\u0107 uwzgl\u0119dnienia sprzeciwu, je\u017celi wyka\u017c\u0105 istnienie prawnie uzasadnionych podstaw do przetwarzania, kt\u00f3re s\u0105 nadrz\u0119dne w stosunku do Pani\/Pana interes\u00f3w, praw i wolno\u015bci lub je\u015bli wyka\u017c\u0105 istnienie podstaw do ustalenia, dochodzenia lub obrony roszcze\u0144.<\/li><li>Uprawnienia przewidziane powy\u017cszymi ust\u0119pami mo\u017ce Pani\/Pan zrealizowa\u0107 poprzez: wys\u0142anie maila bezpo\u015brednio do Administrator\u00f3w na adres: <a href=\"mailto:sekretariat@cudzoziemiecwfirmie.pl\">sekretariat@cudzoziemiecwfirmie.pl<\/a><\/li><\/ol><p>\u00a0<\/p><p><strong>Prawo do wniesienia skargi<\/strong><\/p><p>Je\u017celi uwa\u017ca Pani\/Pan, \u017ce Pani\/Pana dane osobowe s\u0105 przetwarzane niezgodnie z obowi\u0105zuj\u0105cym prawem, mo\u017ce Pani\/Pan wnie\u015b\u0107 skarg\u0119 do Prezesa Urz\u0119du Ochrony Danych Osobowych.<\/p><p>\u00a0<\/p><p><strong>Postanowienia ko\u0144cowe<\/strong><\/p><ol><li>W zakresie nieuregulowanym niniejsz\u0105 Polityk\u0105 prywatno\u015bci zastosowanie maj\u0105 przepisy powszechnie obowi\u0105zuj\u0105ce w Polsce.<\/li><li>Administratorzy zastrzegaj\u0105 sobie prawo do zmiany niniejszej Polityki Prywatno\u015bci poprzez opublikowanie nowej wersji na Stronie Internetowej.<\/li><li>Niniejsza Polityka Prywatno\u015bci obowi\u0105zuje od dnia 12 maja 2025 roku.<\/li><\/ol>\t\t\t\t\t\t\t\t<\/div>\n\t\t\t\t<\/div>\n\t\t\t\t\t<\/div>\n\t\t\t\t<\/div>\n\t\t\t\t<\/div>","protected":false},"excerpt":{"rendered":"<p>POLITYKA PRYWATNO\u015aCI Szanujemy Pani\/Pana prawa wynikaj\u0105ce z przepis\u00f3w o ochronie danych osobowych. Staramy si\u0119 u\u0142atwia\u0107 ich realizacj\u0119 w najwy\u017cszym mo\u017cliwym stopniu. Przetwarzanie danych osobowych nast\u0119puje ka\u017cdorazowo w oparciu o postanowienia zawarte w niniejszej Polityce Prywatno\u015bci. \u00a0 Administratorzy danych osobowych Administratorami Pa\u0144stwa danych s\u0105: Adam Jankowski, prowadz\u0105cy dzia\u0142alno\u015b\u0107 gospodarcz\u0105 pod firm\u0105 Kancelaria Adwokacka Adam Jankowski, Aleje [&hellip;]<\/p>","protected":false},"author":1,"featured_media":0,"parent":0,"menu_order":0,"comment_status":"closed","ping_status":"closed","template":"","meta":{"_acf_changed":false,"_monsterinsights_skip_tracking":false,"_monsterinsights_sitenote_active":false,"_monsterinsights_sitenote_note":"","_monsterinsights_sitenote_category":0,"footnotes":""},"class_list":["post-3","page","type-page","status-publish","hentry"],"acf":[],"yoast_head":"<!-- This site is optimized with the Yoast SEO Premium plugin v23.4 (Yoast SEO v23.4) - https:\/\/yoast.com\/wordpress\/plugins\/seo\/ -->\n<title>Polityka prywatno\u015bci - Cudzoziemiec w Firmie<\/title>\n<meta name=\"robots\" content=\"index, follow, max-snippet:-1, max-image-preview:large, max-video-preview:-1\" \/>\n<link rel=\"canonical\" href=\"https:\/\/cudzoziemiecwfirmie.pl\/en\/polityka-prywatnosci\/\" \/>\n<meta property=\"og:locale\" content=\"en_GB\" \/>\n<meta property=\"og:type\" content=\"article\" \/>\n<meta property=\"og:title\" content=\"Polityka prywatno\u015bci\" \/>\n<meta property=\"og:description\" content=\"POLITYKA PRYWATNO\u015aCI Szanujemy Pani\/Pana prawa wynikaj\u0105ce z przepis\u00f3w o ochronie danych osobowych. Staramy si\u0119 u\u0142atwia\u0107 ich realizacj\u0119 w najwy\u017cszym mo\u017cliwym stopniu. Przetwarzanie danych osobowych nast\u0119puje ka\u017cdorazowo w oparciu o postanowienia zawarte w niniejszej Polityce Prywatno\u015bci. \u00a0 Administratorzy danych osobowych Administratorami Pa\u0144stwa danych s\u0105: Adam Jankowski, prowadz\u0105cy dzia\u0142alno\u015b\u0107 gospodarcz\u0105 pod firm\u0105 Kancelaria Adwokacka Adam Jankowski, Aleje [&hellip;]\" \/>\n<meta property=\"og:url\" content=\"https:\/\/cudzoziemiecwfirmie.pl\/en\/polityka-prywatnosci\/\" \/>\n<meta property=\"og:site_name\" content=\"Cudzoziemiec w Firmie\" \/>\n<meta property=\"article:modified_time\" content=\"2025-05-15T13:03:42+00:00\" \/>\n<meta name=\"twitter:card\" content=\"summary_large_image\" \/>\n<meta name=\"twitter:label1\" content=\"Estimated reading time\" \/>\n\t<meta name=\"twitter:data1\" content=\"7 minutes\" \/>\n<script type=\"application\/ld+json\" class=\"yoast-schema-graph\">{\"@context\":\"https:\/\/schema.org\",\"@graph\":[{\"@type\":\"WebPage\",\"@id\":\"https:\/\/cudzoziemiecwfirmie.pl\/en\/polityka-prywatnosci\/\",\"url\":\"https:\/\/cudzoziemiecwfirmie.pl\/en\/polityka-prywatnosci\/\",\"name\":\"Polityka prywatno\u015bci - Cudzoziemiec w Firmie\",\"isPartOf\":{\"@id\":\"https:\/\/cudzoziemiecwfirmie.pl\/#website\"},\"datePublished\":\"2025-03-19T11:59:52+00:00\",\"dateModified\":\"2025-05-15T13:03:42+00:00\",\"breadcrumb\":{\"@id\":\"https:\/\/cudzoziemiecwfirmie.pl\/en\/polityka-prywatnosci\/#breadcrumb\"},\"inLanguage\":\"en-GB\",\"potentialAction\":[{\"@type\":\"ReadAction\",\"target\":[\"https:\/\/cudzoziemiecwfirmie.pl\/en\/polityka-prywatnosci\/\"]}]},{\"@type\":\"BreadcrumbList\",\"@id\":\"https:\/\/cudzoziemiecwfirmie.pl\/en\/polityka-prywatnosci\/#breadcrumb\",\"itemListElement\":[{\"@type\":\"ListItem\",\"position\":1,\"name\":\"Strona g\u0142\u00f3wna\",\"item\":\"https:\/\/cudzoziemiecwfirmie.pl\/\"},{\"@type\":\"ListItem\",\"position\":2,\"name\":\"Polityka prywatno\u015bci\"}]},{\"@type\":\"WebSite\",\"@id\":\"https:\/\/cudzoziemiecwfirmie.pl\/#website\",\"url\":\"https:\/\/cudzoziemiecwfirmie.pl\/\",\"name\":\"Cudzoziemiec w Firmie\",\"description\":\"Twoje sprawy, nasza pasja i do\u015bwiadczenie. Kompleksowa obs\u0142uga, doradztwo i szkolenia dla firm zatrudniaj\u0105cych cudzoziemc\u00f3w. Adwokaci dla biznesu.\",\"publisher\":{\"@id\":\"https:\/\/cudzoziemiecwfirmie.pl\/#organization\"},\"potentialAction\":[{\"@type\":\"SearchAction\",\"target\":{\"@type\":\"EntryPoint\",\"urlTemplate\":\"https:\/\/cudzoziemiecwfirmie.pl\/?s={search_term_string}\"},\"query-input\":{\"@type\":\"PropertyValueSpecification\",\"valueRequired\":true,\"valueName\":\"search_term_string\"}}],\"inLanguage\":\"en-GB\"},{\"@type\":\"Organization\",\"@id\":\"https:\/\/cudzoziemiecwfirmie.pl\/#organization\",\"name\":\"Cudzoziemiec w Firmie\",\"url\":\"https:\/\/cudzoziemiecwfirmie.pl\/\",\"logo\":{\"@type\":\"ImageObject\",\"inLanguage\":\"en-GB\",\"@id\":\"https:\/\/cudzoziemiecwfirmie.pl\/#\/schema\/logo\/image\/\",\"url\":\"https:\/\/cudzoziemiecwfirmie.pl\/wp-content\/uploads\/2025\/03\/logo3.png\",\"contentUrl\":\"https:\/\/cudzoziemiecwfirmie.pl\/wp-content\/uploads\/2025\/03\/logo3.png\",\"width\":901,\"height\":157,\"caption\":\"Cudzoziemiec w Firmie\"},\"image\":{\"@id\":\"https:\/\/cudzoziemiecwfirmie.pl\/#\/schema\/logo\/image\/\"}}]}<\/script>\n<!-- \/ Yoast SEO Premium plugin. -->","yoast_head_json":{"title":"Polityka prywatno\u015bci - Cudzoziemiec w Firmie","robots":{"index":"index","follow":"follow","max-snippet":"max-snippet:-1","max-image-preview":"max-image-preview:large","max-video-preview":"max-video-preview:-1"},"canonical":"https:\/\/cudzoziemiecwfirmie.pl\/en\/polityka-prywatnosci\/","og_locale":"en_GB","og_type":"article","og_title":"Polityka prywatno\u015bci","og_description":"POLITYKA PRYWATNO\u015aCI Szanujemy Pani\/Pana prawa wynikaj\u0105ce z przepis\u00f3w o ochronie danych osobowych. Staramy si\u0119 u\u0142atwia\u0107 ich realizacj\u0119 w najwy\u017cszym mo\u017cliwym stopniu. Przetwarzanie danych osobowych nast\u0119puje ka\u017cdorazowo w oparciu o postanowienia zawarte w niniejszej Polityce Prywatno\u015bci. \u00a0 Administratorzy danych osobowych Administratorami Pa\u0144stwa danych s\u0105: Adam Jankowski, prowadz\u0105cy dzia\u0142alno\u015b\u0107 gospodarcz\u0105 pod firm\u0105 Kancelaria Adwokacka Adam Jankowski, Aleje [&hellip;]","og_url":"https:\/\/cudzoziemiecwfirmie.pl\/en\/polityka-prywatnosci\/","og_site_name":"Cudzoziemiec w Firmie","article_modified_time":"2025-05-15T13:03:42+00:00","twitter_card":"summary_large_image","twitter_misc":{"Estimated reading time":"7 minutes"},"schema":{"@context":"https:\/\/schema.org","@graph":[{"@type":"WebPage","@id":"https:\/\/cudzoziemiecwfirmie.pl\/en\/polityka-prywatnosci\/","url":"https:\/\/cudzoziemiecwfirmie.pl\/en\/polityka-prywatnosci\/","name":"Polityka prywatno\u015bci - Cudzoziemiec w Firmie","isPartOf":{"@id":"https:\/\/cudzoziemiecwfirmie.pl\/#website"},"datePublished":"2025-03-19T11:59:52+00:00","dateModified":"2025-05-15T13:03:42+00:00","breadcrumb":{"@id":"https:\/\/cudzoziemiecwfirmie.pl\/en\/polityka-prywatnosci\/#breadcrumb"},"inLanguage":"en-GB","potentialAction":[{"@type":"ReadAction","target":["https:\/\/cudzoziemiecwfirmie.pl\/en\/polityka-prywatnosci\/"]}]},{"@type":"BreadcrumbList","@id":"https:\/\/cudzoziemiecwfirmie.pl\/en\/polityka-prywatnosci\/#breadcrumb","itemListElement":[{"@type":"ListItem","position":1,"name":"Strona g\u0142\u00f3wna","item":"https:\/\/cudzoziemiecwfirmie.pl\/"},{"@type":"ListItem","position":2,"name":"Polityka prywatno\u015bci"}]},{"@type":"WebSite","@id":"https:\/\/cudzoziemiecwfirmie.pl\/#website","url":"https:\/\/cudzoziemiecwfirmie.pl\/","name":"Cudzoziemiec w Firmie","description":"Twoje sprawy, nasza pasja i do\u015bwiadczenie. Kompleksowa obs\u0142uga, doradztwo i szkolenia dla firm zatrudniaj\u0105cych cudzoziemc\u00f3w. Adwokaci dla biznesu.","publisher":{"@id":"https:\/\/cudzoziemiecwfirmie.pl\/#organization"},"potentialAction":[{"@type":"SearchAction","target":{"@type":"EntryPoint","urlTemplate":"https:\/\/cudzoziemiecwfirmie.pl\/?s={search_term_string}"},"query-input":{"@type":"PropertyValueSpecification","valueRequired":true,"valueName":"search_term_string"}}],"inLanguage":"en-GB"},{"@type":"Organization","@id":"https:\/\/cudzoziemiecwfirmie.pl\/#organization","name":"Cudzoziemiec w Firmie","url":"https:\/\/cudzoziemiecwfirmie.pl\/","logo":{"@type":"ImageObject","inLanguage":"en-GB","@id":"https:\/\/cudzoziemiecwfirmie.pl\/#\/schema\/logo\/image\/","url":"https:\/\/cudzoziemiecwfirmie.pl\/wp-content\/uploads\/2025\/03\/logo3.png","contentUrl":"https:\/\/cudzoziemiecwfirmie.pl\/wp-content\/uploads\/2025\/03\/logo3.png","width":901,"height":157,"caption":"Cudzoziemiec w Firmie"},"image":{"@id":"https:\/\/cudzoziemiecwfirmie.pl\/#\/schema\/logo\/image\/"}}]}},"_links":{"self":[{"href":"https:\/\/cudzoziemiecwfirmie.pl\/en\/wp-json\/wp\/v2\/pages\/3","targetHints":{"allow":["GET"]}}],"collection":[{"href":"https:\/\/cudzoziemiecwfirmie.pl\/en\/wp-json\/wp\/v2\/pages"}],"about":[{"href":"https:\/\/cudzoziemiecwfirmie.pl\/en\/wp-json\/wp\/v2\/types\/page"}],"author":[{"embeddable":true,"href":"https:\/\/cudzoziemiecwfirmie.pl\/en\/wp-json\/wp\/v2\/users\/1"}],"replies":[{"embeddable":true,"href":"https:\/\/cudzoziemiecwfirmie.pl\/en\/wp-json\/wp\/v2\/comments?post=3"}],"version-history":[{"count":20,"href":"https:\/\/cudzoziemiecwfirmie.pl\/en\/wp-json\/wp\/v2\/pages\/3\/revisions"}],"predecessor-version":[{"id":2043,"href":"https:\/\/cudzoziemiecwfirmie.pl\/en\/wp-json\/wp\/v2\/pages\/3\/revisions\/2043"}],"wp:attachment":[{"href":"https:\/\/cudzoziemiecwfirmie.pl\/en\/wp-json\/wp\/v2\/media?parent=3"}],"curies":[{"name":"wp","href":"https:\/\/api.w.org\/{rel}","templated":true}]}}