{"id":37,"date":"2025-03-20T10:48:25","date_gmt":"2025-03-20T09:48:25","guid":{"rendered":"https:\/\/wszuminski.pl\/kancelaria\/?page_id=37"},"modified":"2026-03-26T19:44:17","modified_gmt":"2026-03-26T18:44:17","slug":"audyt","status":"publish","type":"page","link":"https:\/\/cudzoziemiecwfirmie.pl\/en\/audyt\/","title":{"rendered":"Audit"},"content":{"rendered":"<div data-elementor-type=\"wp-page\" data-elementor-id=\"37\" class=\"elementor elementor-37\" data-elementor-post-type=\"page\">\n\t\t\t\t<div class=\"elementor-element elementor-element-49bfdae3 e-con-full e-flex e-con e-parent\" data-id=\"49bfdae3\" data-element_type=\"container\" data-settings=\"{&quot;background_background&quot;:&quot;classic&quot;}\">\n\t\t<div class=\"elementor-element elementor-element-99b52ad e-flex e-con-boxed e-con e-child\" data-id=\"99b52ad\" data-element_type=\"container\">\n\t\t\t\t\t<div class=\"e-con-inner\">\n\t\t\t\t<div class=\"elementor-element elementor-element-3ba95be9 elementor-widget elementor-widget-heading\" data-id=\"3ba95be9\" data-element_type=\"widget\" data-widget_type=\"heading.default\">\n\t\t\t\t<div class=\"elementor-widget-container\">\n\t\t\t\t\t<h1 class=\"elementor-heading-title elementor-size-default\">Audit<\/h1>\t\t\t\t<\/div>\n\t\t\t\t<\/div>\n\t\t\t\t\t<\/div>\n\t\t\t\t<\/div>\n\t\t\t\t<\/div>\n\t\t<div class=\"elementor-element elementor-element-6274e9ee e-con-full e-flex e-con e-parent\" data-id=\"6274e9ee\" data-element_type=\"container\" data-settings=\"{&quot;background_background&quot;:&quot;classic&quot;}\">\n\t\t<div class=\"elementor-element elementor-element-28b7b80b e-flex e-con-boxed e-con e-child\" data-id=\"28b7b80b\" data-element_type=\"container\">\n\t\t\t\t\t<div class=\"e-con-inner\">\n\t\t<div class=\"elementor-element elementor-element-1cc172a0 e-con-full e-flex e-con e-child\" data-id=\"1cc172a0\" data-element_type=\"container\" data-settings=\"{&quot;background_background&quot;:&quot;classic&quot;}\">\n\t\t\t\t<div class=\"elementor-element elementor-element-20e44b1e elementor-widget elementor-widget-text-editor\" data-id=\"20e44b1e\" data-element_type=\"widget\" data-widget_type=\"text-editor.default\">\n\t\t\t\t<div class=\"elementor-widget-container\">\n\t\t\t\t\t\t\t\t\t<p>We offer a comprehensive compliance audit to help your company operate fully in accordance with the applicable regulations.<\/p><p>We will analyze your current practices, identify areas that need adjustment, and propose the necessary documentation updates.<\/p><p>Our goal is to eliminate potential risks that could impact your business operations.<\/p><p>We conduct the audit in a format that suits you \u2013 at your company's premises, in our office, or remotely.<\/p>\t\t\t\t\t\t\t\t<\/div>\n\t\t\t\t<\/div>\n\t\t\t\t<\/div>\n\t\t<div class=\"elementor-element elementor-element-29bf200d e-con-full e-flex e-con e-child\" data-id=\"29bf200d\" data-element_type=\"container\">\n\t\t<div class=\"elementor-element elementor-element-1b6b83c7 e-con-full e-flex e-con e-child\" data-id=\"1b6b83c7\" data-element_type=\"container\" data-settings=\"{&quot;background_background&quot;:&quot;classic&quot;}\">\n\t\t\t\t<div class=\"elementor-element elementor-element-111affe elementor-widget elementor-widget-heading\" data-id=\"111affe\" data-element_type=\"widget\" data-widget_type=\"heading.default\">\n\t\t\t\t<div class=\"elementor-widget-container\">\n\t\t\t\t\t<p class=\"elementor-heading-title elementor-size-default\">Need a quote?<\/p>\t\t\t\t<\/div>\n\t\t\t\t<\/div>\n\t\t\t\t<div class=\"elementor-element elementor-element-44e2877 elementor-button-custom elementor-widget elementor-widget-button\" data-id=\"44e2877\" data-element_type=\"widget\" data-widget_type=\"button.default\">\n\t\t\t\t<div class=\"elementor-widget-container\">\n\t\t\t\t\t\t\t\t\t<div class=\"elementor-button-wrapper\">\n\t\t\t\t\t<a class=\"elementor-button elementor-button-link elementor-size-sm\" href=\"https:\/\/cudzoziemiecwfirmie.pl\/en\/kontakt\/\">\n\t\t\t\t\t\t<span class=\"elementor-button-content-wrapper\">\n\t\t\t\t\t\t<span class=\"elementor-button-icon\">\n\t\t\t\t<svg aria-hidden=\"true\" class=\"e-font-icon-svg e-fas-long-arrow-alt-right\" viewbox=\"0 0 448 512\" xmlns=\"http:\/\/www.w3.org\/2000\/svg\"><path d=\"M313.941 216H12c-6.627 0-12 5.373-12 12v56c0 6.627 5.373 12 12 12h301.941v46.059c0 21.382 25.851 32.09 40.971 16.971l86.059-86.059c9.373-9.373 9.373-24.569 0-33.941l-86.059-86.059c-15.119-15.119-40.971-4.411-40.971 16.971V216z\"><\/path><\/svg>\t\t\t<\/span>\n\t\t\t\t\t\t\t\t\t<span class=\"elementor-button-text\">Contact us<\/span>\n\t\t\t\t\t<\/span>\n\t\t\t\t\t<\/a>\n\t\t\t\t<\/div>\n\t\t\t\t\t\t\t\t<\/div>\n\t\t\t\t<\/div>\n\t\t\t\t<\/div>\n\t\t\t\t<\/div>\n\t\t\t\t\t<\/div>\n\t\t\t\t<\/div>\n\t\t<div class=\"elementor-element elementor-element-8b3c505 e-flex e-con-boxed e-con e-child\" data-id=\"8b3c505\" data-element_type=\"container\">\n\t\t\t\t\t<div class=\"e-con-inner\">\n\t\t\t\t<div class=\"elementor-element elementor-element-a8a7b53 elementor-view-default elementor-widget elementor-widget-icon\" data-id=\"a8a7b53\" data-element_type=\"widget\" data-widget_type=\"icon.default\">\n\t\t\t\t<div class=\"elementor-widget-container\">\n\t\t\t\t\t\t\t<div class=\"elementor-icon-wrapper\">\n\t\t\t<a class=\"elementor-icon\" href=\"https:\/\/cudzoziemiecwfirmie.pl\/en\">\n\t\t\t<svg aria-hidden=\"true\" class=\"e-font-icon-svg e-fas-long-arrow-alt-left\" viewbox=\"0 0 448 512\" xmlns=\"http:\/\/www.w3.org\/2000\/svg\"><path d=\"M134.059 296H436c6.627 0 12-5.373 12-12v-56c0-6.627-5.373-12-12-12H134.059v-46.059c0-21.382-25.851-32.09-40.971-16.971L7.029 239.029c-9.373 9.373-9.373 24.569 0 33.941l86.059 86.059c15.119 15.119 40.971 4.411 40.971-16.971V296z\"><\/path><\/svg>\t\t\t<\/a>\n\t\t<\/div>\n\t\t\t\t\t\t<\/div>\n\t\t\t\t<\/div>\n\t\t\t\t<div class=\"elementor-element elementor-element-a005110 elementor-widget elementor-widget-heading\" data-id=\"a005110\" data-element_type=\"widget\" data-widget_type=\"heading.default\">\n\t\t\t\t<div class=\"elementor-widget-container\">\n\t\t\t\t\t<p class=\"elementor-heading-title elementor-size-default\"><a href=\"https:\/\/cudzoziemiecwfirmie.pl\/en\">Return to the homepage<\/a><\/p>\t\t\t\t<\/div>\n\t\t\t\t<\/div>\n\t\t\t\t\t<\/div>\n\t\t\t\t<\/div>\n\t\t\t\t<\/div>\n\t\t\t\t<\/div>","protected":false},"excerpt":{"rendered":"<p>Audyt Oferujemy kompleksowy audyt zgodno\u015bci, kt\u00f3ry pomo\u017ce Twojej firmie dzia\u0142a\u0107 w pe\u0142ni zgodnie z obowi\u0105zuj\u0105cymi przepisami. Przeanalizujemy dotychczasowe dzia\u0142ania, wska\u017cemy obszary wymagaj\u0105ce korekty i zaproponujemy niezb\u0119dne aktualizacje dokumentacji. Naszym celem jest eliminacja potencjalnych ryzyk, kt\u00f3re mog\u0105 wp\u0142yn\u0105\u0107 na dzia\u0142alno\u015b\u0107 Twojej firmy. Audyt przeprowadzamy w dogodnej dla Ciebie formie \u2013 w siedzibie Twojej firmy, w naszej [&hellip;]<\/p>","protected":false},"author":1,"featured_media":0,"parent":0,"menu_order":0,"comment_status":"closed","ping_status":"closed","template":"","meta":{"_acf_changed":false,"_monsterinsights_skip_tracking":false,"_monsterinsights_sitenote_active":false,"_monsterinsights_sitenote_note":"","_monsterinsights_sitenote_category":0,"footnotes":""},"class_list":["post-37","page","type-page","status-publish","hentry"],"acf":[],"yoast_head":"<!-- This site is optimized with the Yoast SEO Premium plugin v23.4 (Yoast SEO v23.4) - https:\/\/yoast.com\/wordpress\/plugins\/seo\/ -->\n<title>Audyt - Cudzoziemiec w Firmie<\/title>\n<meta name=\"robots\" content=\"index, follow, max-snippet:-1, max-image-preview:large, max-video-preview:-1\" \/>\n<link rel=\"canonical\" href=\"https:\/\/cudzoziemiecwfirmie.pl\/en\/audyt\/\" \/>\n<meta property=\"og:locale\" content=\"en_GB\" \/>\n<meta property=\"og:type\" content=\"article\" \/>\n<meta property=\"og:title\" content=\"Audyt\" \/>\n<meta property=\"og:description\" content=\"Audyt Oferujemy kompleksowy audyt zgodno\u015bci, kt\u00f3ry pomo\u017ce Twojej firmie dzia\u0142a\u0107 w pe\u0142ni zgodnie z obowi\u0105zuj\u0105cymi przepisami. Przeanalizujemy dotychczasowe dzia\u0142ania, wska\u017cemy obszary wymagaj\u0105ce korekty i zaproponujemy niezb\u0119dne aktualizacje dokumentacji. Naszym celem jest eliminacja potencjalnych ryzyk, kt\u00f3re mog\u0105 wp\u0142yn\u0105\u0107 na dzia\u0142alno\u015b\u0107 Twojej firmy. Audyt przeprowadzamy w dogodnej dla Ciebie formie \u2013 w siedzibie Twojej firmy, w naszej [&hellip;]\" \/>\n<meta property=\"og:url\" content=\"https:\/\/cudzoziemiecwfirmie.pl\/en\/audyt\/\" \/>\n<meta property=\"og:site_name\" content=\"Cudzoziemiec w Firmie\" \/>\n<meta property=\"article:modified_time\" content=\"2026-03-26T18:44:17+00:00\" \/>\n<meta name=\"twitter:card\" content=\"summary_large_image\" \/>\n<meta name=\"twitter:label1\" content=\"Estimated reading time\" \/>\n\t<meta name=\"twitter:data1\" content=\"1 minute\" \/>\n<script type=\"application\/ld+json\" class=\"yoast-schema-graph\">{\"@context\":\"https:\/\/schema.org\",\"@graph\":[{\"@type\":\"WebPage\",\"@id\":\"https:\/\/cudzoziemiecwfirmie.pl\/audyt\/\",\"url\":\"https:\/\/cudzoziemiecwfirmie.pl\/audyt\/\",\"name\":\"Audyt - Cudzoziemiec w Firmie\",\"isPartOf\":{\"@id\":\"https:\/\/cudzoziemiecwfirmie.pl\/#website\"},\"datePublished\":\"2025-03-20T09:48:25+00:00\",\"dateModified\":\"2026-03-26T18:44:17+00:00\",\"breadcrumb\":{\"@id\":\"https:\/\/cudzoziemiecwfirmie.pl\/audyt\/#breadcrumb\"},\"inLanguage\":\"en-GB\",\"potentialAction\":[{\"@type\":\"ReadAction\",\"target\":[\"https:\/\/cudzoziemiecwfirmie.pl\/audyt\/\"]}]},{\"@type\":\"BreadcrumbList\",\"@id\":\"https:\/\/cudzoziemiecwfirmie.pl\/audyt\/#breadcrumb\",\"itemListElement\":[{\"@type\":\"ListItem\",\"position\":1,\"name\":\"Strona g\u0142\u00f3wna\",\"item\":\"https:\/\/cudzoziemiecwfirmie.pl\/\"},{\"@type\":\"ListItem\",\"position\":2,\"name\":\"Audyt\"}]},{\"@type\":\"WebSite\",\"@id\":\"https:\/\/cudzoziemiecwfirmie.pl\/#website\",\"url\":\"https:\/\/cudzoziemiecwfirmie.pl\/\",\"name\":\"Cudzoziemiec w Firmie\",\"description\":\"Twoje sprawy, nasza pasja i do\u015bwiadczenie. Kompleksowa obs\u0142uga, doradztwo i szkolenia dla firm zatrudniaj\u0105cych cudzoziemc\u00f3w. Adwokaci dla biznesu.\",\"publisher\":{\"@id\":\"https:\/\/cudzoziemiecwfirmie.pl\/#organization\"},\"potentialAction\":[{\"@type\":\"SearchAction\",\"target\":{\"@type\":\"EntryPoint\",\"urlTemplate\":\"https:\/\/cudzoziemiecwfirmie.pl\/?s={search_term_string}\"},\"query-input\":{\"@type\":\"PropertyValueSpecification\",\"valueRequired\":true,\"valueName\":\"search_term_string\"}}],\"inLanguage\":\"en-GB\"},{\"@type\":\"Organization\",\"@id\":\"https:\/\/cudzoziemiecwfirmie.pl\/#organization\",\"name\":\"Cudzoziemiec w Firmie\",\"url\":\"https:\/\/cudzoziemiecwfirmie.pl\/\",\"logo\":{\"@type\":\"ImageObject\",\"inLanguage\":\"en-GB\",\"@id\":\"https:\/\/cudzoziemiecwfirmie.pl\/#\/schema\/logo\/image\/\",\"url\":\"https:\/\/cudzoziemiecwfirmie.pl\/wp-content\/uploads\/2025\/03\/logo3.png\",\"contentUrl\":\"https:\/\/cudzoziemiecwfirmie.pl\/wp-content\/uploads\/2025\/03\/logo3.png\",\"width\":901,\"height\":157,\"caption\":\"Cudzoziemiec w Firmie\"},\"image\":{\"@id\":\"https:\/\/cudzoziemiecwfirmie.pl\/#\/schema\/logo\/image\/\"}}]}<\/script>\n<!-- \/ Yoast SEO Premium plugin. -->","yoast_head_json":{"title":"Audyt - Cudzoziemiec w Firmie","robots":{"index":"index","follow":"follow","max-snippet":"max-snippet:-1","max-image-preview":"max-image-preview:large","max-video-preview":"max-video-preview:-1"},"canonical":"https:\/\/cudzoziemiecwfirmie.pl\/en\/audyt\/","og_locale":"en_GB","og_type":"article","og_title":"Audyt","og_description":"Audyt Oferujemy kompleksowy audyt zgodno\u015bci, kt\u00f3ry pomo\u017ce Twojej firmie dzia\u0142a\u0107 w pe\u0142ni zgodnie z obowi\u0105zuj\u0105cymi przepisami. Przeanalizujemy dotychczasowe dzia\u0142ania, wska\u017cemy obszary wymagaj\u0105ce korekty i zaproponujemy niezb\u0119dne aktualizacje dokumentacji. Naszym celem jest eliminacja potencjalnych ryzyk, kt\u00f3re mog\u0105 wp\u0142yn\u0105\u0107 na dzia\u0142alno\u015b\u0107 Twojej firmy. Audyt przeprowadzamy w dogodnej dla Ciebie formie \u2013 w siedzibie Twojej firmy, w naszej [&hellip;]","og_url":"https:\/\/cudzoziemiecwfirmie.pl\/en\/audyt\/","og_site_name":"Cudzoziemiec w Firmie","article_modified_time":"2026-03-26T18:44:17+00:00","twitter_card":"summary_large_image","twitter_misc":{"Estimated reading time":"1 minute"},"schema":{"@context":"https:\/\/schema.org","@graph":[{"@type":"WebPage","@id":"https:\/\/cudzoziemiecwfirmie.pl\/audyt\/","url":"https:\/\/cudzoziemiecwfirmie.pl\/audyt\/","name":"Audyt - Cudzoziemiec w Firmie","isPartOf":{"@id":"https:\/\/cudzoziemiecwfirmie.pl\/#website"},"datePublished":"2025-03-20T09:48:25+00:00","dateModified":"2026-03-26T18:44:17+00:00","breadcrumb":{"@id":"https:\/\/cudzoziemiecwfirmie.pl\/audyt\/#breadcrumb"},"inLanguage":"en-GB","potentialAction":[{"@type":"ReadAction","target":["https:\/\/cudzoziemiecwfirmie.pl\/audyt\/"]}]},{"@type":"BreadcrumbList","@id":"https:\/\/cudzoziemiecwfirmie.pl\/audyt\/#breadcrumb","itemListElement":[{"@type":"ListItem","position":1,"name":"Strona g\u0142\u00f3wna","item":"https:\/\/cudzoziemiecwfirmie.pl\/"},{"@type":"ListItem","position":2,"name":"Audyt"}]},{"@type":"WebSite","@id":"https:\/\/cudzoziemiecwfirmie.pl\/#website","url":"https:\/\/cudzoziemiecwfirmie.pl\/","name":"Cudzoziemiec w Firmie","description":"Twoje sprawy, nasza pasja i do\u015bwiadczenie. Kompleksowa obs\u0142uga, doradztwo i szkolenia dla firm zatrudniaj\u0105cych cudzoziemc\u00f3w. Adwokaci dla biznesu.","publisher":{"@id":"https:\/\/cudzoziemiecwfirmie.pl\/#organization"},"potentialAction":[{"@type":"SearchAction","target":{"@type":"EntryPoint","urlTemplate":"https:\/\/cudzoziemiecwfirmie.pl\/?s={search_term_string}"},"query-input":{"@type":"PropertyValueSpecification","valueRequired":true,"valueName":"search_term_string"}}],"inLanguage":"en-GB"},{"@type":"Organization","@id":"https:\/\/cudzoziemiecwfirmie.pl\/#organization","name":"Cudzoziemiec w Firmie","url":"https:\/\/cudzoziemiecwfirmie.pl\/","logo":{"@type":"ImageObject","inLanguage":"en-GB","@id":"https:\/\/cudzoziemiecwfirmie.pl\/#\/schema\/logo\/image\/","url":"https:\/\/cudzoziemiecwfirmie.pl\/wp-content\/uploads\/2025\/03\/logo3.png","contentUrl":"https:\/\/cudzoziemiecwfirmie.pl\/wp-content\/uploads\/2025\/03\/logo3.png","width":901,"height":157,"caption":"Cudzoziemiec w Firmie"},"image":{"@id":"https:\/\/cudzoziemiecwfirmie.pl\/#\/schema\/logo\/image\/"}}]}},"_links":{"self":[{"href":"https:\/\/cudzoziemiecwfirmie.pl\/en\/wp-json\/wp\/v2\/pages\/37","targetHints":{"allow":["GET"]}}],"collection":[{"href":"https:\/\/cudzoziemiecwfirmie.pl\/en\/wp-json\/wp\/v2\/pages"}],"about":[{"href":"https:\/\/cudzoziemiecwfirmie.pl\/en\/wp-json\/wp\/v2\/types\/page"}],"author":[{"embeddable":true,"href":"https:\/\/cudzoziemiecwfirmie.pl\/en\/wp-json\/wp\/v2\/users\/1"}],"replies":[{"embeddable":true,"href":"https:\/\/cudzoziemiecwfirmie.pl\/en\/wp-json\/wp\/v2\/comments?post=37"}],"version-history":[{"count":79,"href":"https:\/\/cudzoziemiecwfirmie.pl\/en\/wp-json\/wp\/v2\/pages\/37\/revisions"}],"predecessor-version":[{"id":2399,"href":"https:\/\/cudzoziemiecwfirmie.pl\/en\/wp-json\/wp\/v2\/pages\/37\/revisions\/2399"}],"wp:attachment":[{"href":"https:\/\/cudzoziemiecwfirmie.pl\/en\/wp-json\/wp\/v2\/media?parent=37"}],"curies":[{"name":"wp","href":"https:\/\/api.w.org\/{rel}","templated":true}]}}