{"id":42,"date":"2025-03-20T10:51:42","date_gmt":"2025-03-20T09:51:42","guid":{"rendered":"https:\/\/wszuminski.pl\/kancelaria\/?page_id=42"},"modified":"2026-03-26T19:45:15","modified_gmt":"2026-03-26T18:45:15","slug":"obsluga-prawna","status":"publish","type":"page","link":"https:\/\/cudzoziemiecwfirmie.pl\/en\/obsluga-prawna\/","title":{"rendered":"Legal services"},"content":{"rendered":"<div data-elementor-type=\"wp-page\" data-elementor-id=\"42\" class=\"elementor elementor-42\" data-elementor-post-type=\"page\">\n\t\t\t\t<div class=\"elementor-element elementor-element-68b7761d e-con-full e-flex e-con e-parent\" data-id=\"68b7761d\" data-element_type=\"container\" data-settings=\"{&quot;background_background&quot;:&quot;classic&quot;}\">\n\t\t<div class=\"elementor-element elementor-element-759a95a8 e-flex e-con-boxed e-con e-child\" data-id=\"759a95a8\" data-element_type=\"container\">\n\t\t\t\t\t<div class=\"e-con-inner\">\n\t\t\t\t<div class=\"elementor-element elementor-element-59e8bd31 elementor-widget elementor-widget-heading\" data-id=\"59e8bd31\" data-element_type=\"widget\" data-widget_type=\"heading.default\">\n\t\t\t\t<div class=\"elementor-widget-container\">\n\t\t\t\t\t<h1 class=\"elementor-heading-title elementor-size-default\">Legal services<\/h1>\t\t\t\t<\/div>\n\t\t\t\t<\/div>\n\t\t\t\t\t<\/div>\n\t\t\t\t<\/div>\n\t\t\t\t<\/div>\n\t\t<div class=\"elementor-element elementor-element-79ca8bfb e-con-full e-flex e-con e-parent\" data-id=\"79ca8bfb\" data-element_type=\"container\" data-settings=\"{&quot;background_background&quot;:&quot;classic&quot;}\">\n\t\t<div class=\"elementor-element elementor-element-50a2abe2 e-flex e-con-boxed e-con e-child\" data-id=\"50a2abe2\" data-element_type=\"container\">\n\t\t\t\t\t<div class=\"e-con-inner\">\n\t\t<div class=\"elementor-element elementor-element-18395221 e-con-full e-flex e-con e-child\" data-id=\"18395221\" data-element_type=\"container\" data-settings=\"{&quot;background_background&quot;:&quot;classic&quot;}\">\n\t\t\t\t<div class=\"elementor-element elementor-element-3e216926 elementor-widget elementor-widget-text-editor\" data-id=\"3e216926\" data-element_type=\"widget\" data-widget_type=\"text-editor.default\">\n\t\t\t\t<div class=\"elementor-widget-container\">\n\t\t\t\t\t\t\t\t\t<p>We provide comprehensive legal services for companies employing foreigners, tailored to individual needs and legal requirements.<\/p><p>We assist in obtaining work and residence permits, drafting and reviewing contracts \u2013 from outsourcing agreements to employment and service contracts.<\/p><p>We manage legal risk on an ongoing basis, identifying threats and advising on their mitigation.<\/p><p>We represent clients before courts and authorities, and also provide advice in administrative, labor, civil, and criminal law.<\/p><p>We also support temporary employment agencies, providing comprehensive legal services.<\/p>\t\t\t\t\t\t\t\t<\/div>\n\t\t\t\t<\/div>\n\t\t\t\t<\/div>\n\t\t<div class=\"elementor-element elementor-element-75caceb3 e-con-full e-flex e-con e-child\" data-id=\"75caceb3\" data-element_type=\"container\">\n\t\t<div class=\"elementor-element elementor-element-47dc5aca e-con-full e-flex e-con e-child\" data-id=\"47dc5aca\" data-element_type=\"container\" data-settings=\"{&quot;background_background&quot;:&quot;classic&quot;}\">\n\t\t\t\t<div class=\"elementor-element elementor-element-736eb851 elementor-widget elementor-widget-heading\" data-id=\"736eb851\" data-element_type=\"widget\" data-widget_type=\"heading.default\">\n\t\t\t\t<div class=\"elementor-widget-container\">\n\t\t\t\t\t<p class=\"elementor-heading-title elementor-size-default\">Need a quote?<\/p>\t\t\t\t<\/div>\n\t\t\t\t<\/div>\n\t\t\t\t<div class=\"elementor-element elementor-element-169c2040 elementor-button-custom elementor-widget elementor-widget-button\" data-id=\"169c2040\" data-element_type=\"widget\" data-widget_type=\"button.default\">\n\t\t\t\t<div class=\"elementor-widget-container\">\n\t\t\t\t\t\t\t\t\t<div class=\"elementor-button-wrapper\">\n\t\t\t\t\t<a class=\"elementor-button elementor-button-link elementor-size-sm\" href=\"https:\/\/cudzoziemiecwfirmie.pl\/en\/kontakt\/\">\n\t\t\t\t\t\t<span class=\"elementor-button-content-wrapper\">\n\t\t\t\t\t\t<span class=\"elementor-button-icon\">\n\t\t\t\t<svg aria-hidden=\"true\" class=\"e-font-icon-svg e-fas-long-arrow-alt-right\" viewbox=\"0 0 448 512\" xmlns=\"http:\/\/www.w3.org\/2000\/svg\"><path d=\"M313.941 216H12c-6.627 0-12 5.373-12 12v56c0 6.627 5.373 12 12 12h301.941v46.059c0 21.382 25.851 32.09 40.971 16.971l86.059-86.059c9.373-9.373 9.373-24.569 0-33.941l-86.059-86.059c-15.119-15.119-40.971-4.411-40.971 16.971V216z\"><\/path><\/svg>\t\t\t<\/span>\n\t\t\t\t\t\t\t\t\t<span class=\"elementor-button-text\">Contact us<\/span>\n\t\t\t\t\t<\/span>\n\t\t\t\t\t<\/a>\n\t\t\t\t<\/div>\n\t\t\t\t\t\t\t\t<\/div>\n\t\t\t\t<\/div>\n\t\t\t\t<\/div>\n\t\t\t\t<\/div>\n\t\t\t\t\t<\/div>\n\t\t\t\t<\/div>\n\t\t<div class=\"elementor-element elementor-element-c4a458f e-flex e-con-boxed e-con e-child\" data-id=\"c4a458f\" data-element_type=\"container\">\n\t\t\t\t\t<div class=\"e-con-inner\">\n\t\t\t\t<div class=\"elementor-element elementor-element-81650ab elementor-view-default elementor-widget elementor-widget-icon\" data-id=\"81650ab\" data-element_type=\"widget\" data-widget_type=\"icon.default\">\n\t\t\t\t<div class=\"elementor-widget-container\">\n\t\t\t\t\t\t\t<div class=\"elementor-icon-wrapper\">\n\t\t\t<a class=\"elementor-icon\" href=\"https:\/\/cudzoziemiecwfirmie.pl\/en\">\n\t\t\t<svg aria-hidden=\"true\" class=\"e-font-icon-svg e-fas-long-arrow-alt-left\" viewbox=\"0 0 448 512\" xmlns=\"http:\/\/www.w3.org\/2000\/svg\"><path d=\"M134.059 296H436c6.627 0 12-5.373 12-12v-56c0-6.627-5.373-12-12-12H134.059v-46.059c0-21.382-25.851-32.09-40.971-16.971L7.029 239.029c-9.373 9.373-9.373 24.569 0 33.941l86.059 86.059c15.119 15.119 40.971 4.411 40.971-16.971V296z\"><\/path><\/svg>\t\t\t<\/a>\n\t\t<\/div>\n\t\t\t\t\t\t<\/div>\n\t\t\t\t<\/div>\n\t\t\t\t<div class=\"elementor-element elementor-element-c221830 elementor-widget elementor-widget-heading\" data-id=\"c221830\" data-element_type=\"widget\" data-widget_type=\"heading.default\">\n\t\t\t\t<div class=\"elementor-widget-container\">\n\t\t\t\t\t<p class=\"elementor-heading-title elementor-size-default\"><a href=\"https:\/\/cudzoziemiecwfirmie.pl\/en\">Return to the homepage<\/a><\/p>\t\t\t\t<\/div>\n\t\t\t\t<\/div>\n\t\t\t\t\t<\/div>\n\t\t\t\t<\/div>\n\t\t\t\t<\/div>\n\t\t\t\t<\/div>","protected":false},"excerpt":{"rendered":"<p>Obs\u0142uga prawna Zapewniamy kompleksow\u0105 obs\u0142ug\u0119 prawn\u0105 dla firm zatrudniaj\u0105cych cudzoziemc\u00f3w, dostosowan\u0105 do indywidualnych potrzeb i wymaga\u0144 prawnych. Pomagamy w uzyskaniu zezwole\u0144 na prac\u0119 i pobyt, sporz\u0105dzamy oraz opiniujemy umowy \u2013 od outsourcingu po umowy o prac\u0119 i zlecenia. Dbamy o bie\u017c\u0105ce zarz\u0105dzanie ryzykiem prawnym, identyfikuj\u0105c zagro\u017cenia i doradzaj\u0105c w ich minimalizacji. Reprezentujemy klient\u00f3w przed s\u0105dami [&hellip;]<\/p>","protected":false},"author":1,"featured_media":0,"parent":0,"menu_order":0,"comment_status":"closed","ping_status":"closed","template":"","meta":{"_acf_changed":false,"_monsterinsights_skip_tracking":false,"_monsterinsights_sitenote_active":false,"_monsterinsights_sitenote_note":"","_monsterinsights_sitenote_category":0,"footnotes":""},"class_list":["post-42","page","type-page","status-publish","hentry"],"acf":[],"yoast_head":"<!-- This site is optimized with the Yoast SEO Premium plugin v23.4 (Yoast SEO v23.4) - https:\/\/yoast.com\/wordpress\/plugins\/seo\/ -->\n<title>Obs\u0142uga prawna - Cudzoziemiec w Firmie<\/title>\n<meta name=\"robots\" content=\"index, follow, max-snippet:-1, max-image-preview:large, max-video-preview:-1\" \/>\n<link rel=\"canonical\" href=\"https:\/\/cudzoziemiecwfirmie.pl\/en\/obsluga-prawna\/\" \/>\n<meta property=\"og:locale\" content=\"en_GB\" \/>\n<meta property=\"og:type\" content=\"article\" \/>\n<meta property=\"og:title\" content=\"Obs\u0142uga prawna\" \/>\n<meta property=\"og:description\" content=\"Obs\u0142uga prawna Zapewniamy kompleksow\u0105 obs\u0142ug\u0119 prawn\u0105 dla firm zatrudniaj\u0105cych cudzoziemc\u00f3w, dostosowan\u0105 do indywidualnych potrzeb i wymaga\u0144 prawnych. Pomagamy w uzyskaniu zezwole\u0144 na prac\u0119 i pobyt, sporz\u0105dzamy oraz opiniujemy umowy \u2013 od outsourcingu po umowy o prac\u0119 i zlecenia. Dbamy o bie\u017c\u0105ce zarz\u0105dzanie ryzykiem prawnym, identyfikuj\u0105c zagro\u017cenia i doradzaj\u0105c w ich minimalizacji. Reprezentujemy klient\u00f3w przed s\u0105dami [&hellip;]\" \/>\n<meta property=\"og:url\" content=\"https:\/\/cudzoziemiecwfirmie.pl\/en\/obsluga-prawna\/\" \/>\n<meta property=\"og:site_name\" content=\"Cudzoziemiec w Firmie\" \/>\n<meta property=\"article:modified_time\" content=\"2026-03-26T18:45:15+00:00\" \/>\n<meta name=\"twitter:card\" content=\"summary_large_image\" \/>\n<meta name=\"twitter:label1\" content=\"Estimated reading time\" \/>\n\t<meta name=\"twitter:data1\" content=\"1 minute\" \/>\n<script type=\"application\/ld+json\" class=\"yoast-schema-graph\">{\"@context\":\"https:\/\/schema.org\",\"@graph\":[{\"@type\":\"WebPage\",\"@id\":\"https:\/\/cudzoziemiecwfirmie.pl\/obsluga-prawna\/\",\"url\":\"https:\/\/cudzoziemiecwfirmie.pl\/obsluga-prawna\/\",\"name\":\"Obs\u0142uga prawna - Cudzoziemiec w Firmie\",\"isPartOf\":{\"@id\":\"https:\/\/cudzoziemiecwfirmie.pl\/#website\"},\"datePublished\":\"2025-03-20T09:51:42+00:00\",\"dateModified\":\"2026-03-26T18:45:15+00:00\",\"breadcrumb\":{\"@id\":\"https:\/\/cudzoziemiecwfirmie.pl\/obsluga-prawna\/#breadcrumb\"},\"inLanguage\":\"en-GB\",\"potentialAction\":[{\"@type\":\"ReadAction\",\"target\":[\"https:\/\/cudzoziemiecwfirmie.pl\/obsluga-prawna\/\"]}]},{\"@type\":\"BreadcrumbList\",\"@id\":\"https:\/\/cudzoziemiecwfirmie.pl\/obsluga-prawna\/#breadcrumb\",\"itemListElement\":[{\"@type\":\"ListItem\",\"position\":1,\"name\":\"Strona g\u0142\u00f3wna\",\"item\":\"https:\/\/cudzoziemiecwfirmie.pl\/\"},{\"@type\":\"ListItem\",\"position\":2,\"name\":\"Obs\u0142uga prawna\"}]},{\"@type\":\"WebSite\",\"@id\":\"https:\/\/cudzoziemiecwfirmie.pl\/#website\",\"url\":\"https:\/\/cudzoziemiecwfirmie.pl\/\",\"name\":\"Cudzoziemiec w Firmie\",\"description\":\"Twoje sprawy, nasza pasja i do\u015bwiadczenie. Kompleksowa obs\u0142uga, doradztwo i szkolenia dla firm zatrudniaj\u0105cych cudzoziemc\u00f3w. Adwokaci dla biznesu.\",\"publisher\":{\"@id\":\"https:\/\/cudzoziemiecwfirmie.pl\/#organization\"},\"potentialAction\":[{\"@type\":\"SearchAction\",\"target\":{\"@type\":\"EntryPoint\",\"urlTemplate\":\"https:\/\/cudzoziemiecwfirmie.pl\/?s={search_term_string}\"},\"query-input\":{\"@type\":\"PropertyValueSpecification\",\"valueRequired\":true,\"valueName\":\"search_term_string\"}}],\"inLanguage\":\"en-GB\"},{\"@type\":\"Organization\",\"@id\":\"https:\/\/cudzoziemiecwfirmie.pl\/#organization\",\"name\":\"Cudzoziemiec w Firmie\",\"url\":\"https:\/\/cudzoziemiecwfirmie.pl\/\",\"logo\":{\"@type\":\"ImageObject\",\"inLanguage\":\"en-GB\",\"@id\":\"https:\/\/cudzoziemiecwfirmie.pl\/#\/schema\/logo\/image\/\",\"url\":\"https:\/\/cudzoziemiecwfirmie.pl\/wp-content\/uploads\/2025\/03\/logo3.png\",\"contentUrl\":\"https:\/\/cudzoziemiecwfirmie.pl\/wp-content\/uploads\/2025\/03\/logo3.png\",\"width\":901,\"height\":157,\"caption\":\"Cudzoziemiec w Firmie\"},\"image\":{\"@id\":\"https:\/\/cudzoziemiecwfirmie.pl\/#\/schema\/logo\/image\/\"}}]}<\/script>\n<!-- \/ Yoast SEO Premium plugin. -->","yoast_head_json":{"title":"Obs\u0142uga prawna - Cudzoziemiec w Firmie","robots":{"index":"index","follow":"follow","max-snippet":"max-snippet:-1","max-image-preview":"max-image-preview:large","max-video-preview":"max-video-preview:-1"},"canonical":"https:\/\/cudzoziemiecwfirmie.pl\/en\/obsluga-prawna\/","og_locale":"en_GB","og_type":"article","og_title":"Obs\u0142uga prawna","og_description":"Obs\u0142uga prawna Zapewniamy kompleksow\u0105 obs\u0142ug\u0119 prawn\u0105 dla firm zatrudniaj\u0105cych cudzoziemc\u00f3w, dostosowan\u0105 do indywidualnych potrzeb i wymaga\u0144 prawnych. Pomagamy w uzyskaniu zezwole\u0144 na prac\u0119 i pobyt, sporz\u0105dzamy oraz opiniujemy umowy \u2013 od outsourcingu po umowy o prac\u0119 i zlecenia. Dbamy o bie\u017c\u0105ce zarz\u0105dzanie ryzykiem prawnym, identyfikuj\u0105c zagro\u017cenia i doradzaj\u0105c w ich minimalizacji. Reprezentujemy klient\u00f3w przed s\u0105dami [&hellip;]","og_url":"https:\/\/cudzoziemiecwfirmie.pl\/en\/obsluga-prawna\/","og_site_name":"Cudzoziemiec w Firmie","article_modified_time":"2026-03-26T18:45:15+00:00","twitter_card":"summary_large_image","twitter_misc":{"Estimated reading time":"1 minute"},"schema":{"@context":"https:\/\/schema.org","@graph":[{"@type":"WebPage","@id":"https:\/\/cudzoziemiecwfirmie.pl\/obsluga-prawna\/","url":"https:\/\/cudzoziemiecwfirmie.pl\/obsluga-prawna\/","name":"Obs\u0142uga prawna - Cudzoziemiec w Firmie","isPartOf":{"@id":"https:\/\/cudzoziemiecwfirmie.pl\/#website"},"datePublished":"2025-03-20T09:51:42+00:00","dateModified":"2026-03-26T18:45:15+00:00","breadcrumb":{"@id":"https:\/\/cudzoziemiecwfirmie.pl\/obsluga-prawna\/#breadcrumb"},"inLanguage":"en-GB","potentialAction":[{"@type":"ReadAction","target":["https:\/\/cudzoziemiecwfirmie.pl\/obsluga-prawna\/"]}]},{"@type":"BreadcrumbList","@id":"https:\/\/cudzoziemiecwfirmie.pl\/obsluga-prawna\/#breadcrumb","itemListElement":[{"@type":"ListItem","position":1,"name":"Strona g\u0142\u00f3wna","item":"https:\/\/cudzoziemiecwfirmie.pl\/"},{"@type":"ListItem","position":2,"name":"Obs\u0142uga prawna"}]},{"@type":"WebSite","@id":"https:\/\/cudzoziemiecwfirmie.pl\/#website","url":"https:\/\/cudzoziemiecwfirmie.pl\/","name":"Cudzoziemiec w Firmie","description":"Twoje sprawy, nasza pasja i do\u015bwiadczenie. Kompleksowa obs\u0142uga, doradztwo i szkolenia dla firm zatrudniaj\u0105cych cudzoziemc\u00f3w. Adwokaci dla biznesu.","publisher":{"@id":"https:\/\/cudzoziemiecwfirmie.pl\/#organization"},"potentialAction":[{"@type":"SearchAction","target":{"@type":"EntryPoint","urlTemplate":"https:\/\/cudzoziemiecwfirmie.pl\/?s={search_term_string}"},"query-input":{"@type":"PropertyValueSpecification","valueRequired":true,"valueName":"search_term_string"}}],"inLanguage":"en-GB"},{"@type":"Organization","@id":"https:\/\/cudzoziemiecwfirmie.pl\/#organization","name":"Cudzoziemiec w Firmie","url":"https:\/\/cudzoziemiecwfirmie.pl\/","logo":{"@type":"ImageObject","inLanguage":"en-GB","@id":"https:\/\/cudzoziemiecwfirmie.pl\/#\/schema\/logo\/image\/","url":"https:\/\/cudzoziemiecwfirmie.pl\/wp-content\/uploads\/2025\/03\/logo3.png","contentUrl":"https:\/\/cudzoziemiecwfirmie.pl\/wp-content\/uploads\/2025\/03\/logo3.png","width":901,"height":157,"caption":"Cudzoziemiec w Firmie"},"image":{"@id":"https:\/\/cudzoziemiecwfirmie.pl\/#\/schema\/logo\/image\/"}}]}},"_links":{"self":[{"href":"https:\/\/cudzoziemiecwfirmie.pl\/en\/wp-json\/wp\/v2\/pages\/42","targetHints":{"allow":["GET"]}}],"collection":[{"href":"https:\/\/cudzoziemiecwfirmie.pl\/en\/wp-json\/wp\/v2\/pages"}],"about":[{"href":"https:\/\/cudzoziemiecwfirmie.pl\/en\/wp-json\/wp\/v2\/types\/page"}],"author":[{"embeddable":true,"href":"https:\/\/cudzoziemiecwfirmie.pl\/en\/wp-json\/wp\/v2\/users\/1"}],"replies":[{"embeddable":true,"href":"https:\/\/cudzoziemiecwfirmie.pl\/en\/wp-json\/wp\/v2\/comments?post=42"}],"version-history":[{"count":80,"href":"https:\/\/cudzoziemiecwfirmie.pl\/en\/wp-json\/wp\/v2\/pages\/42\/revisions"}],"predecessor-version":[{"id":2402,"href":"https:\/\/cudzoziemiecwfirmie.pl\/en\/wp-json\/wp\/v2\/pages\/42\/revisions\/2402"}],"wp:attachment":[{"href":"https:\/\/cudzoziemiecwfirmie.pl\/en\/wp-json\/wp\/v2\/media?parent=42"}],"curies":[{"name":"wp","href":"https:\/\/api.w.org\/{rel}","templated":true}]}}