{"id":52,"date":"2025-03-20T11:01:45","date_gmt":"2025-03-20T10:01:45","guid":{"rendered":"https:\/\/wszuminski.pl\/kancelaria\/?page_id=52"},"modified":"2026-03-26T19:47:28","modified_gmt":"2026-03-26T18:47:28","slug":"kontakt","status":"publish","type":"page","link":"https:\/\/cudzoziemiecwfirmie.pl\/en\/kontakt\/","title":{"rendered":"Contact"},"content":{"rendered":"<div data-elementor-type=\"wp-page\" data-elementor-id=\"52\" class=\"elementor elementor-52\" data-elementor-post-type=\"page\">\n\t\t\t\t<div class=\"elementor-element elementor-element-b36e6ec e-flex e-con-boxed e-con e-parent\" data-id=\"b36e6ec\" data-element_type=\"container\" data-settings=\"{&quot;background_background&quot;:&quot;classic&quot;}\">\n\t\t\t\t\t<div class=\"e-con-inner\">\n\t\t<div class=\"elementor-element elementor-element-4e026fe e-con-full e-flex e-con e-child\" data-id=\"4e026fe\" data-element_type=\"container\">\n\t\t\t\t<div class=\"elementor-element elementor-element-d6a0dde elementor-widget elementor-widget-heading\" data-id=\"d6a0dde\" data-element_type=\"widget\" data-widget_type=\"heading.default\">\n\t\t\t\t<div class=\"elementor-widget-container\">\n\t\t\t\t\t<h1 class=\"elementor-heading-title elementor-size-default\">Contact<\/h1>\t\t\t\t<\/div>\n\t\t\t\t<\/div>\n\t\t<div class=\"elementor-element elementor-element-aa3f53c e-con-full e-flex e-con e-child\" data-id=\"aa3f53c\" data-element_type=\"container\">\n\t\t\t\t<div class=\"elementor-element elementor-element-9dead12 elementor-widget elementor-widget-heading\" data-id=\"9dead12\" data-element_type=\"widget\" data-widget_type=\"heading.default\">\n\t\t\t\t<div class=\"elementor-widget-container\">\n\t\t\t\t\t<h3 class=\"elementor-heading-title elementor-size-default\">Attorney Klaudia Kowalska<\/h3>\t\t\t\t<\/div>\n\t\t\t\t<\/div>\n\t\t<div class=\"elementor-element elementor-element-609d636 e-con-full e-flex e-con e-child\" data-id=\"609d636\" data-element_type=\"container\">\n\t\t<div class=\"elementor-element elementor-element-528ef8f e-con-full e-flex e-con e-child\" data-id=\"528ef8f\" data-element_type=\"container\">\n\t\t\t\t<div class=\"elementor-element elementor-element-3a906a1 elementor-view-default elementor-widget elementor-widget-icon\" data-id=\"3a906a1\" data-element_type=\"widget\" data-widget_type=\"icon.default\">\n\t\t\t\t<div class=\"elementor-widget-container\">\n\t\t\t\t\t\t\t<div class=\"elementor-icon-wrapper\">\n\t\t\t<div class=\"elementor-icon\">\n\t\t\t<svg aria-hidden=\"true\" class=\"e-font-icon-svg e-fas-phone-alt\" viewbox=\"0 0 512 512\" xmlns=\"http:\/\/www.w3.org\/2000\/svg\"><path d=\"M497.39 361.8l-112-48a24 24 0 0 0-28 6.9l-49.6 60.6A370.66 370.66 0 0 1 130.6 204.11l60.6-49.6a23.94 23.94 0 0 0 6.9-28l-48-112A24.16 24.16 0 0 0 122.6.61l-104 24A24 24 0 0 0 0 48c0 256.5 207.9 464 464 464a24 24 0 0 0 23.4-18.6l24-104a24.29 24.29 0 0 0-14.01-27.6z\"><\/path><\/svg>\t\t\t<\/div>\n\t\t<\/div>\n\t\t\t\t\t\t<\/div>\n\t\t\t\t<\/div>\n\t\t\t\t<div class=\"elementor-element elementor-element-f3387b3 elementor-widget elementor-widget-heading\" data-id=\"f3387b3\" data-element_type=\"widget\" data-widget_type=\"heading.default\">\n\t\t\t\t<div class=\"elementor-widget-container\">\n\t\t\t\t\t<p class=\"elementor-heading-title elementor-size-default\"><a href=\"tel:+48783930624\">+48 783 930 624<\/a><\/p>\t\t\t\t<\/div>\n\t\t\t\t<\/div>\n\t\t\t\t<\/div>\n\t\t<div class=\"elementor-element elementor-element-cc3b3c0 e-con-full e-flex e-con e-child\" data-id=\"cc3b3c0\" data-element_type=\"container\">\n\t\t\t\t<div class=\"elementor-element elementor-element-4c8188e elementor-view-default elementor-widget elementor-widget-icon\" data-id=\"4c8188e\" data-element_type=\"widget\" data-widget_type=\"icon.default\">\n\t\t\t\t<div class=\"elementor-widget-container\">\n\t\t\t\t\t\t\t<div class=\"elementor-icon-wrapper\">\n\t\t\t<div class=\"elementor-icon\">\n\t\t\t<svg aria-hidden=\"true\" class=\"e-font-icon-svg e-fas-envelope-open\" viewbox=\"0 0 512 512\" xmlns=\"http:\/\/www.w3.org\/2000\/svg\"><path d=\"M512 464c0 26.51-21.49 48-48 48H48c-26.51 0-48-21.49-48-48V200.724a48 48 0 0 1 18.387-37.776c24.913-19.529 45.501-35.365 164.2-121.511C199.412 29.17 232.797-.347 256 .003c23.198-.354 56.596 29.172 73.413 41.433 118.687 86.137 139.303 101.995 164.2 121.512A48 48 0 0 1 512 200.724V464zm-65.666-196.605c-2.563-3.728-7.7-4.595-11.339-1.907-22.845 16.873-55.462 40.705-105.582 77.079-16.825 12.266-50.21 41.781-73.413 41.43-23.211.344-56.559-29.143-73.413-41.43-50.114-36.37-82.734-60.204-105.582-77.079-3.639-2.688-8.776-1.821-11.339 1.907l-9.072 13.196a7.998 7.998 0 0 0 1.839 10.967c22.887 16.899 55.454 40.69 105.303 76.868 20.274 14.781 56.524 47.813 92.264 47.573 35.724.242 71.961-32.771 92.263-47.573 49.85-36.179 82.418-59.97 105.303-76.868a7.998 7.998 0 0 0 1.839-10.967l-9.071-13.196z\"><\/path><\/svg>\t\t\t<\/div>\n\t\t<\/div>\n\t\t\t\t\t\t<\/div>\n\t\t\t\t<\/div>\n\t\t\t\t<div class=\"elementor-element elementor-element-c6fc348 elementor-widget elementor-widget-heading\" data-id=\"c6fc348\" data-element_type=\"widget\" data-widget_type=\"heading.default\">\n\t\t\t\t<div class=\"elementor-widget-container\">\n\t\t\t\t\t<p class=\"elementor-heading-title elementor-size-default\"><a href=\"mailto:kowalska@cudzoziemiecwfirmie.pl\">kowalska@cudzoziemiecwfirmie.pl<\/a><\/p>\t\t\t\t<\/div>\n\t\t\t\t<\/div>\n\t\t\t\t<\/div>\n\t\t\t\t<\/div>\n\t\t\t\t<\/div>\n\t\t<div class=\"elementor-element elementor-element-f208ebb e-con-full e-flex e-con e-child\" data-id=\"f208ebb\" data-element_type=\"container\">\n\t\t\t\t<div class=\"elementor-element elementor-element-b798a2a elementor-widget elementor-widget-heading\" data-id=\"b798a2a\" data-element_type=\"widget\" data-widget_type=\"heading.default\">\n\t\t\t\t<div class=\"elementor-widget-container\">\n\t\t\t\t\t<h3 class=\"elementor-heading-title elementor-size-default\">Attorney Adam Jankowski<\/h3>\t\t\t\t<\/div>\n\t\t\t\t<\/div>\n\t\t<div class=\"elementor-element elementor-element-abb9145 e-con-full e-flex e-con e-child\" data-id=\"abb9145\" data-element_type=\"container\">\n\t\t<div class=\"elementor-element elementor-element-d67f649 e-con-full e-flex e-con e-child\" data-id=\"d67f649\" data-element_type=\"container\">\n\t\t\t\t<div class=\"elementor-element elementor-element-92ee6fd elementor-view-default elementor-widget elementor-widget-icon\" data-id=\"92ee6fd\" data-element_type=\"widget\" data-widget_type=\"icon.default\">\n\t\t\t\t<div class=\"elementor-widget-container\">\n\t\t\t\t\t\t\t<div class=\"elementor-icon-wrapper\">\n\t\t\t<div class=\"elementor-icon\">\n\t\t\t<svg aria-hidden=\"true\" class=\"e-font-icon-svg e-fas-phone-alt\" viewbox=\"0 0 512 512\" xmlns=\"http:\/\/www.w3.org\/2000\/svg\"><path d=\"M497.39 361.8l-112-48a24 24 0 0 0-28 6.9l-49.6 60.6A370.66 370.66 0 0 1 130.6 204.11l60.6-49.6a23.94 23.94 0 0 0 6.9-28l-48-112A24.16 24.16 0 0 0 122.6.61l-104 24A24 24 0 0 0 0 48c0 256.5 207.9 464 464 464a24 24 0 0 0 23.4-18.6l24-104a24.29 24.29 0 0 0-14.01-27.6z\"><\/path><\/svg>\t\t\t<\/div>\n\t\t<\/div>\n\t\t\t\t\t\t<\/div>\n\t\t\t\t<\/div>\n\t\t\t\t<div class=\"elementor-element elementor-element-192ee8b elementor-widget elementor-widget-heading\" data-id=\"192ee8b\" data-element_type=\"widget\" data-widget_type=\"heading.default\">\n\t\t\t\t<div class=\"elementor-widget-container\">\n\t\t\t\t\t<p class=\"elementor-heading-title elementor-size-default\"><a href=\"tel:+48602595589\">+48 602 595 589<\/a><\/p>\t\t\t\t<\/div>\n\t\t\t\t<\/div>\n\t\t\t\t<\/div>\n\t\t<div class=\"elementor-element elementor-element-0bd1df0 e-con-full e-flex e-con e-child\" data-id=\"0bd1df0\" data-element_type=\"container\">\n\t\t\t\t<div class=\"elementor-element elementor-element-49b0e8b elementor-view-default elementor-widget elementor-widget-icon\" data-id=\"49b0e8b\" data-element_type=\"widget\" data-widget_type=\"icon.default\">\n\t\t\t\t<div class=\"elementor-widget-container\">\n\t\t\t\t\t\t\t<div class=\"elementor-icon-wrapper\">\n\t\t\t<div class=\"elementor-icon\">\n\t\t\t<svg aria-hidden=\"true\" class=\"e-font-icon-svg e-fas-envelope-open\" viewbox=\"0 0 512 512\" xmlns=\"http:\/\/www.w3.org\/2000\/svg\"><path d=\"M512 464c0 26.51-21.49 48-48 48H48c-26.51 0-48-21.49-48-48V200.724a48 48 0 0 1 18.387-37.776c24.913-19.529 45.501-35.365 164.2-121.511C199.412 29.17 232.797-.347 256 .003c23.198-.354 56.596 29.172 73.413 41.433 118.687 86.137 139.303 101.995 164.2 121.512A48 48 0 0 1 512 200.724V464zm-65.666-196.605c-2.563-3.728-7.7-4.595-11.339-1.907-22.845 16.873-55.462 40.705-105.582 77.079-16.825 12.266-50.21 41.781-73.413 41.43-23.211.344-56.559-29.143-73.413-41.43-50.114-36.37-82.734-60.204-105.582-77.079-3.639-2.688-8.776-1.821-11.339 1.907l-9.072 13.196a7.998 7.998 0 0 0 1.839 10.967c22.887 16.899 55.454 40.69 105.303 76.868 20.274 14.781 56.524 47.813 92.264 47.573 35.724.242 71.961-32.771 92.263-47.573 49.85-36.179 82.418-59.97 105.303-76.868a7.998 7.998 0 0 0 1.839-10.967l-9.071-13.196z\"><\/path><\/svg>\t\t\t<\/div>\n\t\t<\/div>\n\t\t\t\t\t\t<\/div>\n\t\t\t\t<\/div>\n\t\t\t\t<div class=\"elementor-element elementor-element-f1be656 elementor-widget elementor-widget-heading\" data-id=\"f1be656\" data-element_type=\"widget\" data-widget_type=\"heading.default\">\n\t\t\t\t<div class=\"elementor-widget-container\">\n\t\t\t\t\t<p class=\"elementor-heading-title elementor-size-default\"><a href=\"mailto:jankowski@cudzoziemiecwfirmie.pl\">jankowski@cudzoziemiecwfirmie.pl<\/a><\/p>\t\t\t\t<\/div>\n\t\t\t\t<\/div>\n\t\t\t\t<\/div>\n\t\t\t\t<\/div>\n\t\t\t\t<\/div>\n\t\t\t\t<\/div>\n\t\t<div class=\"elementor-element elementor-element-27d8c30 e-con-full e-flex e-con e-child\" data-id=\"27d8c30\" data-element_type=\"container\">\n\t\t\t\t<div class=\"elementor-element elementor-element-96aa897 elementor-widget elementor-widget-wpforms\" data-id=\"96aa897\" data-element_type=\"widget\" data-widget_type=\"wpforms.default\">\n\t\t\t\t<div class=\"elementor-widget-container\">\n\t\t\t\t\t<style id=\"wpforms-css-vars-root\">\n\t\t\t\t:root {\n\t\t\t\t\t--wpforms-field-border-radius: 3px;\n--wpforms-field-border-style: solid;\n--wpforms-field-border-size: 1px;\n--wpforms-field-background-color: #ffffff;\n--wpforms-field-border-color: rgba( 0, 0, 0, 0.25 );\n--wpforms-field-border-color-spare: rgba( 0, 0, 0, 0.25 );\n--wpforms-field-text-color: rgba( 0, 0, 0, 0.7 );\n--wpforms-field-menu-color: #ffffff;\n--wpforms-label-color: rgba( 0, 0, 0, 0.85 );\n--wpforms-label-sublabel-color: rgba( 0, 0, 0, 0.55 );\n--wpforms-label-error-color: #d63637;\n--wpforms-button-border-radius: 3px;\n--wpforms-button-border-style: none;\n--wpforms-button-border-size: 1px;\n--wpforms-button-background-color: #066aab;\n--wpforms-button-border-color: #066aab;\n--wpforms-button-text-color: #ffffff;\n--wpforms-page-break-color: #066aab;\n--wpforms-background-image: none;\n--wpforms-background-position: center center;\n--wpforms-background-repeat: no-repeat;\n--wpforms-background-size: cover;\n--wpforms-background-width: 100px;\n--wpforms-background-height: 100px;\n--wpforms-background-color: rgba( 0, 0, 0, 0 );\n--wpforms-background-url: none;\n--wpforms-container-padding: 0px;\n--wpforms-container-border-style: none;\n--wpforms-container-border-width: 1px;\n--wpforms-container-border-color: #000000;\n--wpforms-container-border-radius: 3px;\n--wpforms-field-size-input-height: 43px;\n--wpforms-field-size-input-spacing: 15px;\n--wpforms-field-size-font-size: 16px;\n--wpforms-field-size-line-height: 19px;\n--wpforms-field-size-padding-h: 14px;\n--wpforms-field-size-checkbox-size: 16px;\n--wpforms-field-size-sublabel-spacing: 5px;\n--wpforms-field-size-icon-size: 1;\n--wpforms-label-size-font-size: 16px;\n--wpforms-label-size-line-height: 19px;\n--wpforms-label-size-sublabel-font-size: 14px;\n--wpforms-label-size-sublabel-line-height: 17px;\n--wpforms-button-size-font-size: 17px;\n--wpforms-button-size-height: 41px;\n--wpforms-button-size-padding-h: 15px;\n--wpforms-button-size-margin-top: 10px;\n--wpforms-container-shadow-size-box-shadow: none;\n\n\t\t\t\t}\n\t\t\t<\/style><style id=\"wpforms-css-vars-elementor-widget-96aa897\">\n\t\t\t\t.elementor-widget-wpforms.elementor-element-96aa897 {\n\t\t\t\t\t--wpforms-field-size-input-height: 43px;\n--wpforms-field-size-input-spacing: 15px;\n--wpforms-field-size-font-size: 16px;\n--wpforms-field-size-line-height: 19px;\n--wpforms-field-size-padding-h: 14px;\n--wpforms-field-size-checkbox-size: 16px;\n--wpforms-field-size-sublabel-spacing: 5px;\n--wpforms-field-size-icon-size: 1;\n--wpforms-label-size-font-size: 16px;\n--wpforms-label-size-line-height: 19px;\n--wpforms-label-size-sublabel-font-size: 14px;\n--wpforms-label-size-sublabel-line-height: 17px;\n--wpforms-button-size-font-size: 17px;\n--wpforms-button-size-height: 41px;\n--wpforms-button-size-padding-h: 15px;\n--wpforms-button-size-margin-top: 10px;\n\n\t\t\t\t}\n\t\t\t<\/style><div class=\"wpforms-container wpforms-container-full wpforms-render-modern\" id=\"wpforms-131\"><form id=\"wpforms-form-131\" class=\"wpforms-validate wpforms-form wpforms-ajax-form\" data-formid=\"131\" method=\"post\" enctype=\"multipart\/form-data\" action=\"\/en\/wp-json\/wp\/v2\/pages\/52\" data-token=\"af406215ec943c76814bdb53f0ccb3ca\" data-token-time=\"1776430541\" data-trp-original-action=\"\/en\/wp-json\/wp\/v2\/pages\/52\"><noscript class=\"wpforms-error-noscript\">Please enable JavaScript in your browser to complete this form.<\/noscript><div class=\"wpforms-hidden\" id=\"wpforms-error-noscript\">Please enable JavaScript in your browser to complete this form.<\/div><div class=\"wpforms-field-container\"><div id=\"wpforms-131-field_1-container\" class=\"wpforms-field wpforms-field-name\" data-field-id=\"1\"><label class=\"wpforms-field-label\" for=\"wpforms-131-field_1\">Name <span class=\"wpforms-required-label\" aria-hidden=\"true\">*<\/span><\/label><input type=\"text\" id=\"wpforms-131-field_1\" class=\"wpforms-field-large wpforms-field-required\" name=\"wpforms[fields][1]\" placeholder=\"Jan\" aria-errormessage=\"wpforms-131-field_1-error\" required><\/div><div id=\"wpforms-131-field_3-container\" class=\"wpforms-field wpforms-field-phone\" data-field-id=\"3\"><label class=\"wpforms-field-label\" for=\"wpforms-131-field_3\">Phone<\/label><input type=\"tel\" id=\"wpforms-131-field_3\" class=\"wpforms-field-large\" data-rule-int-phone-field=\"true\" name=\"wpforms[fields][3]\" placeholder=\"662 359 851\" aria-label=\"Phone\" aria-errormessage=\"wpforms-131-field_3-error\" ><\/div><div id=\"wpforms-131-field_2-container\" class=\"wpforms-field wpforms-field-email\" data-field-id=\"2\"><label class=\"wpforms-field-label\" for=\"wpforms-131-field_2\">Email <span class=\"wpforms-required-label\" aria-hidden=\"true\">*<\/span><\/label><input type=\"email\" id=\"wpforms-131-field_2\" class=\"wpforms-field-large wpforms-field-required\" name=\"wpforms[fields][2]\" placeholder=\"john@mail.com\" spellcheck=\"false\" aria-errormessage=\"wpforms-131-field_2-error\" required><\/div><div id=\"wpforms-131-field_4-container\" class=\"wpforms-field wpforms-field-textarea\" data-field-id=\"4\"><label class=\"wpforms-field-label\" for=\"wpforms-131-field_4\">Message<\/label><textarea id=\"wpforms-131-field_4\" class=\"wpforms-field-medium\" name=\"wpforms[fields][4]\" aria-errormessage=\"wpforms-131-field_4-error\" ><\/textarea><\/div><\/div><!-- .wpforms-field-container --><div class=\"wpforms-submit-container\" ><input type=\"hidden\" name=\"wpforms[id]\" value=\"131\"><input type=\"hidden\" name=\"page_title\" value=\"\"><input type=\"hidden\" name=\"page_url\" value=\"https:\/\/cudzoziemiecwfirmie.pl\/en\/wp-json\/wp\/v2\/pages\/52\"><button type=\"submit\" name=\"wpforms[submit]\" id=\"wpforms-submit-131\" class=\"wpforms-submit\" data-alt-text=\"Wysy\u0142anie...\" data-submit-text=\"PRZE\u015aLIJ\" aria-live=\"assertive\" value=\"wpforms-submit\">SEND<\/button><img decoding=\"async\" src=\"https:\/\/cudzoziemiecwfirmie.pl\/wp-content\/plugins\/wpforms\/assets\/images\/submit-spin.svg\" class=\"wpforms-submit-spinner\" style=\"display: none;\" width=\"26\" height=\"26\" alt=\"Loading\"><\/div><input type=\"hidden\" name=\"trp-form-language\" value=\"en\"\/><\/form><\/div>  <!-- .wpforms-container -->\t\t\t\t<\/div>\n\t\t\t\t<\/div>\n\t\t\t\t<\/div>\n\t\t\t\t\t<\/div>\n\t\t\t\t<\/div>\n\t\t\t\t<\/div>","protected":false},"excerpt":{"rendered":"<p>Kontakt Adwokat Klaudia Kowalska +48 783 930 624 kowalska@cudzoziemiecwfirmie.pl Adwokat Adam Jankowski +48 602 595 589 jankowski@cudzoziemiecwfirmie.pl Aby wype\u0142ni\u0107 ten formularz, w\u0142\u0105cz obs\u0142ug\u0119 JavaScript w przegl\u0105darce.Aby wype\u0142ni\u0107 ten formularz, w\u0142\u0105cz obs\u0142ug\u0119 JavaScript w przegl\u0105darce.Imi\u0119 *TelefonEmail *Wiadomo\u015b\u0107 PRZE\u015aLIJ<\/p>","protected":false},"author":1,"featured_media":0,"parent":0,"menu_order":0,"comment_status":"closed","ping_status":"closed","template":"","meta":{"_acf_changed":false,"_monsterinsights_skip_tracking":false,"_monsterinsights_sitenote_active":false,"_monsterinsights_sitenote_note":"","_monsterinsights_sitenote_category":0,"footnotes":""},"class_list":["post-52","page","type-page","status-publish","hentry"],"acf":[],"yoast_head":"<!-- This site is optimized with the Yoast SEO Premium plugin v23.4 (Yoast SEO v23.4) - https:\/\/yoast.com\/wordpress\/plugins\/seo\/ -->\n<title>Kontakt - Cudzoziemiec w Firmie<\/title>\n<meta name=\"robots\" content=\"index, follow, max-snippet:-1, max-image-preview:large, max-video-preview:-1\" \/>\n<link rel=\"canonical\" href=\"https:\/\/cudzoziemiecwfirmie.pl\/en\/kontakt\/\" \/>\n<meta property=\"og:locale\" content=\"en_GB\" \/>\n<meta property=\"og:type\" content=\"article\" \/>\n<meta property=\"og:title\" content=\"Kontakt\" \/>\n<meta property=\"og:description\" content=\"Kontakt Adwokat Klaudia Kowalska +48 783 930 624 kowalska@cudzoziemiecwfirmie.pl Adwokat Adam Jankowski +48 602 595 589 jankowski@cudzoziemiecwfirmie.pl Aby wype\u0142ni\u0107 ten formularz, w\u0142\u0105cz obs\u0142ug\u0119 JavaScript w przegl\u0105darce.Aby wype\u0142ni\u0107 ten formularz, w\u0142\u0105cz obs\u0142ug\u0119 JavaScript w przegl\u0105darce.Imi\u0119 *TelefonEmail *Wiadomo\u015b\u0107 PRZE\u015aLIJ\" \/>\n<meta property=\"og:url\" content=\"https:\/\/cudzoziemiecwfirmie.pl\/en\/kontakt\/\" \/>\n<meta property=\"og:site_name\" content=\"Cudzoziemiec w Firmie\" \/>\n<meta property=\"article:modified_time\" content=\"2026-03-26T18:47:28+00:00\" \/>\n<meta property=\"og:image\" content=\"https:\/\/cudzoziemiecwfirmie.pl\/wp-content\/plugins\/wpforms\/assets\/images\/submit-spin.svg\" \/>\n<meta name=\"twitter:card\" content=\"summary_large_image\" \/>\n<meta name=\"twitter:label1\" content=\"Estimated reading time\" \/>\n\t<meta name=\"twitter:data1\" content=\"1 minute\" \/>\n<script type=\"application\/ld+json\" class=\"yoast-schema-graph\">{\"@context\":\"https:\/\/schema.org\",\"@graph\":[{\"@type\":\"WebPage\",\"@id\":\"https:\/\/cudzoziemiecwfirmie.pl\/kontakt\/\",\"url\":\"https:\/\/cudzoziemiecwfirmie.pl\/kontakt\/\",\"name\":\"Kontakt - Cudzoziemiec w Firmie\",\"isPartOf\":{\"@id\":\"https:\/\/cudzoziemiecwfirmie.pl\/#website\"},\"primaryImageOfPage\":{\"@id\":\"https:\/\/cudzoziemiecwfirmie.pl\/kontakt\/#primaryimage\"},\"image\":{\"@id\":\"https:\/\/cudzoziemiecwfirmie.pl\/kontakt\/#primaryimage\"},\"thumbnailUrl\":\"https:\/\/cudzoziemiecwfirmie.pl\/wp-content\/plugins\/wpforms\/assets\/images\/submit-spin.svg\",\"datePublished\":\"2025-03-20T10:01:45+00:00\",\"dateModified\":\"2026-03-26T18:47:28+00:00\",\"breadcrumb\":{\"@id\":\"https:\/\/cudzoziemiecwfirmie.pl\/kontakt\/#breadcrumb\"},\"inLanguage\":\"en-GB\",\"potentialAction\":[{\"@type\":\"ReadAction\",\"target\":[\"https:\/\/cudzoziemiecwfirmie.pl\/kontakt\/\"]}]},{\"@type\":\"ImageObject\",\"inLanguage\":\"en-GB\",\"@id\":\"https:\/\/cudzoziemiecwfirmie.pl\/kontakt\/#primaryimage\",\"url\":\"https:\/\/cudzoziemiecwfirmie.pl\/wp-content\/plugins\/wpforms\/assets\/images\/submit-spin.svg\",\"contentUrl\":\"https:\/\/cudzoziemiecwfirmie.pl\/wp-content\/plugins\/wpforms\/assets\/images\/submit-spin.svg\"},{\"@type\":\"BreadcrumbList\",\"@id\":\"https:\/\/cudzoziemiecwfirmie.pl\/kontakt\/#breadcrumb\",\"itemListElement\":[{\"@type\":\"ListItem\",\"position\":1,\"name\":\"Strona g\u0142\u00f3wna\",\"item\":\"https:\/\/cudzoziemiecwfirmie.pl\/\"},{\"@type\":\"ListItem\",\"position\":2,\"name\":\"Kontakt\"}]},{\"@type\":\"WebSite\",\"@id\":\"https:\/\/cudzoziemiecwfirmie.pl\/#website\",\"url\":\"https:\/\/cudzoziemiecwfirmie.pl\/\",\"name\":\"Cudzoziemiec w Firmie\",\"description\":\"Twoje sprawy, nasza pasja i do\u015bwiadczenie. Kompleksowa obs\u0142uga, doradztwo i szkolenia dla firm zatrudniaj\u0105cych cudzoziemc\u00f3w. Adwokaci dla biznesu.\",\"publisher\":{\"@id\":\"https:\/\/cudzoziemiecwfirmie.pl\/#organization\"},\"potentialAction\":[{\"@type\":\"SearchAction\",\"target\":{\"@type\":\"EntryPoint\",\"urlTemplate\":\"https:\/\/cudzoziemiecwfirmie.pl\/?s={search_term_string}\"},\"query-input\":{\"@type\":\"PropertyValueSpecification\",\"valueRequired\":true,\"valueName\":\"search_term_string\"}}],\"inLanguage\":\"en-GB\"},{\"@type\":\"Organization\",\"@id\":\"https:\/\/cudzoziemiecwfirmie.pl\/#organization\",\"name\":\"Cudzoziemiec w Firmie\",\"url\":\"https:\/\/cudzoziemiecwfirmie.pl\/\",\"logo\":{\"@type\":\"ImageObject\",\"inLanguage\":\"en-GB\",\"@id\":\"https:\/\/cudzoziemiecwfirmie.pl\/#\/schema\/logo\/image\/\",\"url\":\"https:\/\/cudzoziemiecwfirmie.pl\/wp-content\/uploads\/2025\/03\/logo3.png\",\"contentUrl\":\"https:\/\/cudzoziemiecwfirmie.pl\/wp-content\/uploads\/2025\/03\/logo3.png\",\"width\":901,\"height\":157,\"caption\":\"Cudzoziemiec w Firmie\"},\"image\":{\"@id\":\"https:\/\/cudzoziemiecwfirmie.pl\/#\/schema\/logo\/image\/\"}}]}<\/script>\n<!-- \/ Yoast SEO Premium plugin. -->","yoast_head_json":{"title":"Kontakt - Cudzoziemiec w Firmie","robots":{"index":"index","follow":"follow","max-snippet":"max-snippet:-1","max-image-preview":"max-image-preview:large","max-video-preview":"max-video-preview:-1"},"canonical":"https:\/\/cudzoziemiecwfirmie.pl\/en\/kontakt\/","og_locale":"en_GB","og_type":"article","og_title":"Kontakt","og_description":"Kontakt Adwokat Klaudia Kowalska +48 783 930 624 kowalska@cudzoziemiecwfirmie.pl Adwokat Adam Jankowski +48 602 595 589 jankowski@cudzoziemiecwfirmie.pl Aby wype\u0142ni\u0107 ten formularz, w\u0142\u0105cz obs\u0142ug\u0119 JavaScript w przegl\u0105darce.Aby wype\u0142ni\u0107 ten formularz, w\u0142\u0105cz obs\u0142ug\u0119 JavaScript w przegl\u0105darce.Imi\u0119 *TelefonEmail *Wiadomo\u015b\u0107 PRZE\u015aLIJ","og_url":"https:\/\/cudzoziemiecwfirmie.pl\/en\/kontakt\/","og_site_name":"Cudzoziemiec w Firmie","article_modified_time":"2026-03-26T18:47:28+00:00","og_image":[{"url":"https:\/\/cudzoziemiecwfirmie.pl\/wp-content\/plugins\/wpforms\/assets\/images\/submit-spin.svg"}],"twitter_card":"summary_large_image","twitter_misc":{"Estimated reading time":"1 minute"},"schema":{"@context":"https:\/\/schema.org","@graph":[{"@type":"WebPage","@id":"https:\/\/cudzoziemiecwfirmie.pl\/kontakt\/","url":"https:\/\/cudzoziemiecwfirmie.pl\/kontakt\/","name":"Kontakt - Cudzoziemiec w Firmie","isPartOf":{"@id":"https:\/\/cudzoziemiecwfirmie.pl\/#website"},"primaryImageOfPage":{"@id":"https:\/\/cudzoziemiecwfirmie.pl\/kontakt\/#primaryimage"},"image":{"@id":"https:\/\/cudzoziemiecwfirmie.pl\/kontakt\/#primaryimage"},"thumbnailUrl":"https:\/\/cudzoziemiecwfirmie.pl\/wp-content\/plugins\/wpforms\/assets\/images\/submit-spin.svg","datePublished":"2025-03-20T10:01:45+00:00","dateModified":"2026-03-26T18:47:28+00:00","breadcrumb":{"@id":"https:\/\/cudzoziemiecwfirmie.pl\/kontakt\/#breadcrumb"},"inLanguage":"en-GB","potentialAction":[{"@type":"ReadAction","target":["https:\/\/cudzoziemiecwfirmie.pl\/kontakt\/"]}]},{"@type":"ImageObject","inLanguage":"en-GB","@id":"https:\/\/cudzoziemiecwfirmie.pl\/kontakt\/#primaryimage","url":"https:\/\/cudzoziemiecwfirmie.pl\/wp-content\/plugins\/wpforms\/assets\/images\/submit-spin.svg","contentUrl":"https:\/\/cudzoziemiecwfirmie.pl\/wp-content\/plugins\/wpforms\/assets\/images\/submit-spin.svg"},{"@type":"BreadcrumbList","@id":"https:\/\/cudzoziemiecwfirmie.pl\/kontakt\/#breadcrumb","itemListElement":[{"@type":"ListItem","position":1,"name":"Strona g\u0142\u00f3wna","item":"https:\/\/cudzoziemiecwfirmie.pl\/"},{"@type":"ListItem","position":2,"name":"Kontakt"}]},{"@type":"WebSite","@id":"https:\/\/cudzoziemiecwfirmie.pl\/#website","url":"https:\/\/cudzoziemiecwfirmie.pl\/","name":"Cudzoziemiec w Firmie","description":"Twoje sprawy, nasza pasja i do\u015bwiadczenie. Kompleksowa obs\u0142uga, doradztwo i szkolenia dla firm zatrudniaj\u0105cych cudzoziemc\u00f3w. Adwokaci dla biznesu.","publisher":{"@id":"https:\/\/cudzoziemiecwfirmie.pl\/#organization"},"potentialAction":[{"@type":"SearchAction","target":{"@type":"EntryPoint","urlTemplate":"https:\/\/cudzoziemiecwfirmie.pl\/?s={search_term_string}"},"query-input":{"@type":"PropertyValueSpecification","valueRequired":true,"valueName":"search_term_string"}}],"inLanguage":"en-GB"},{"@type":"Organization","@id":"https:\/\/cudzoziemiecwfirmie.pl\/#organization","name":"Cudzoziemiec w Firmie","url":"https:\/\/cudzoziemiecwfirmie.pl\/","logo":{"@type":"ImageObject","inLanguage":"en-GB","@id":"https:\/\/cudzoziemiecwfirmie.pl\/#\/schema\/logo\/image\/","url":"https:\/\/cudzoziemiecwfirmie.pl\/wp-content\/uploads\/2025\/03\/logo3.png","contentUrl":"https:\/\/cudzoziemiecwfirmie.pl\/wp-content\/uploads\/2025\/03\/logo3.png","width":901,"height":157,"caption":"Cudzoziemiec w Firmie"},"image":{"@id":"https:\/\/cudzoziemiecwfirmie.pl\/#\/schema\/logo\/image\/"}}]}},"_links":{"self":[{"href":"https:\/\/cudzoziemiecwfirmie.pl\/en\/wp-json\/wp\/v2\/pages\/52","targetHints":{"allow":["GET"]}}],"collection":[{"href":"https:\/\/cudzoziemiecwfirmie.pl\/en\/wp-json\/wp\/v2\/pages"}],"about":[{"href":"https:\/\/cudzoziemiecwfirmie.pl\/en\/wp-json\/wp\/v2\/types\/page"}],"author":[{"embeddable":true,"href":"https:\/\/cudzoziemiecwfirmie.pl\/en\/wp-json\/wp\/v2\/users\/1"}],"replies":[{"embeddable":true,"href":"https:\/\/cudzoziemiecwfirmie.pl\/en\/wp-json\/wp\/v2\/comments?post=52"}],"version-history":[{"count":52,"href":"https:\/\/cudzoziemiecwfirmie.pl\/en\/wp-json\/wp\/v2\/pages\/52\/revisions"}],"predecessor-version":[{"id":2411,"href":"https:\/\/cudzoziemiecwfirmie.pl\/en\/wp-json\/wp\/v2\/pages\/52\/revisions\/2411"}],"wp:attachment":[{"href":"https:\/\/cudzoziemiecwfirmie.pl\/en\/wp-json\/wp\/v2\/media?parent=52"}],"curies":[{"name":"wp","href":"https:\/\/api.w.org\/{rel}","templated":true}]}}